{"id":393,"date":"2023-10-06T00:31:08","date_gmt":"2023-10-06T00:31:08","guid":{"rendered":"https:\/\/www.albalapodologo.com\/?page_id=393"},"modified":"2024-04-09T12:14:26","modified_gmt":"2024-04-09T12:14:26","slug":"marbella","status":"publish","type":"page","link":"https:\/\/www.albalapodologo.com\/index.php\/marbella\/","title":{"rendered":"Marbella"},"content":{"rendered":"\t\t<div data-elementor-type=\"wp-page\" data-elementor-id=\"393\" class=\"elementor elementor-393\">\n\t\t\t\t<div class=\"elementor-element elementor-element-65a5a20c e-flex e-con-boxed e-con e-parent\" data-id=\"65a5a20c\" data-element_type=\"container\" data-e-type=\"container\">\n\t\t\t\t\t<div class=\"e-con-inner\">\n\t\t\t\t<div class=\"elementor-element elementor-element-5bf2a9a6 elementor-widget elementor-widget-text-editor\" data-id=\"5bf2a9a6\" data-element_type=\"widget\" data-e-type=\"widget\" data-widget_type=\"text-editor.default\">\n\t\t\t\t<div class=\"elementor-widget-container\">\n\t\t\t\t\t\t\t\t\t<h2>Pod\u00f3logo en Marbella<\/h2><p>Bienvenido a nuestra\u00a0Cl\u00ednica Podol\u00f3gica en Marbella, su centro de confianza donde la salud de sus pies est\u00e1 en manos de profesionales. Situados en el coraz\u00f3n de Marbella, ofrecemos una amplia gama de servicios podol\u00f3gicos para asegurar el bienestar y la comodidad de sus pasos.<\/p><p><strong>Servicios profesionales de podolog\u00eda en Marbella<\/strong><\/p><p>Nuestros servicios incluyen:<\/p><ul><li>Tratamientos personalizados\u00a0para problemas comunes del pie como juanetes, callos y u\u00f1as encarnadas.<\/li><li>An\u00e1lisis de la marcha\u00a0para detectar y tratar problemas de pisada.<\/li><li>Ortopedia\u00a0para pies, con plantillas a medida y calzado especializado.<\/li><li>Cirug\u00eda podol\u00f3gica m\u00ednimamente invasiva para una recuperaci\u00f3n r\u00e1pida y eficaz.<\/li><\/ul><p><strong>Equipo Experto en Podolog\u00eda en Marbella<\/strong><\/p><p>Nuestro equipo est\u00e1 compuesto por\u00a0pod\u00f3logos titulados\u00a0con a\u00f1os de experiencia, comprometidos con la excelencia en el cuidado del pie. Utilizamos las\u00a0\u00faltimas tecnolog\u00edas\u00a0y t\u00e9cnicas para proporcionar tratamientos efectivos y minimizar el tiempo de recuperaci\u00f3n.<\/p><p><strong>Atenci\u00f3n Personalizada<\/strong><\/p><p>Entendemos que cada pie es \u00fanico, por eso ofrecemos una atenci\u00f3n personalizada. Evaluamos detenidamente su caso para ofrecerle el tratamiento m\u00e1s adecuado que le permita volver a disfrutar de la vida sin molestias en los pies.<\/p><p><strong>Contacto y Ubicaci\u00f3n cl\u00ednica Marbella<\/strong><\/p><p>Vis\u00edtenos en nuestra cl\u00ednica en Marbella en la Avenida Antonio Bel\u00f3n,18 Marbella o cont\u00e1ctenos para programar una cita.\u00a0<\/p><p>Estamos aqu\u00ed para cuidar de sus pies y asegurar su bienestar.<\/p>\t\t\t\t\t\t\t\t<\/div>\n\t\t\t\t<\/div>\n\t\t\t\t\t<\/div>\n\t\t\t\t<\/div>\n\t\t<div class=\"elementor-element elementor-element-9bd5d5a e-flex e-con-boxed e-con e-parent\" data-id=\"9bd5d5a\" data-element_type=\"container\" data-e-type=\"container\">\n\t\t\t\t\t<div class=\"e-con-inner\">\n\t\t\t\t<div class=\"elementor-element elementor-element-4226107 elementor-arrows-position-inside elementor-pagination-position-outside elementor-widget elementor-widget-image-carousel\" data-id=\"4226107\" data-element_type=\"widget\" data-e-type=\"widget\" data-settings=\"{&quot;slides_to_show&quot;:&quot;1&quot;,&quot;navigation&quot;:&quot;both&quot;,&quot;autoplay&quot;:&quot;yes&quot;,&quot;pause_on_hover&quot;:&quot;yes&quot;,&quot;pause_on_interaction&quot;:&quot;yes&quot;,&quot;autoplay_speed&quot;:5000,&quot;infinite&quot;:&quot;yes&quot;,&quot;effect&quot;:&quot;slide&quot;,&quot;speed&quot;:500}\" data-widget_type=\"image-carousel.default\">\n\t\t\t\t<div class=\"elementor-widget-container\">\n\t\t\t\t\t\t\t<div class=\"elementor-image-carousel-wrapper swiper\" role=\"region\" aria-roledescription=\"carousel\" aria-label=\"Image Carousel\" dir=\"ltr\">\n\t\t\t<div class=\"elementor-image-carousel swiper-wrapper\" aria-live=\"off\">\n\t\t\t\t\t\t\t\t<div class=\"swiper-slide\" role=\"group\" aria-roledescription=\"slide\" aria-label=\"1 of 3\"><figure class=\"swiper-slide-inner\"><img decoding=\"async\" class=\"swiper-slide-image\" src=\"https:\/\/www.albalapodologo.com\/wp-content\/uploads\/2023\/10\/IMG_0309-1024x768.jpg\" alt=\"IMG_0309\" \/><\/figure><\/div><div class=\"swiper-slide\" role=\"group\" aria-roledescription=\"slide\" aria-label=\"2 of 3\"><figure class=\"swiper-slide-inner\"><img decoding=\"async\" class=\"swiper-slide-image\" src=\"https:\/\/www.albalapodologo.com\/wp-content\/uploads\/2023\/10\/image0-2.jpeg\" alt=\"image0 (2)\" \/><\/figure><\/div><div class=\"swiper-slide\" role=\"group\" aria-roledescription=\"slide\" aria-label=\"3 of 3\"><figure class=\"swiper-slide-inner\"><img decoding=\"async\" class=\"swiper-slide-image\" src=\"https:\/\/www.albalapodologo.com\/wp-content\/uploads\/2024\/04\/IMG_0306-1_edit-1024x792.jpg\" alt=\"IMG_0306 (1)_edit\" \/><\/figure><\/div>\t\t\t<\/div>\n\t\t\t\t\t\t\t\t\t\t\t\t<div class=\"elementor-swiper-button elementor-swiper-button-prev\" role=\"button\" tabindex=\"0\">\n\t\t\t\t\t\t<i aria-hidden=\"true\" class=\"eicon-chevron-left\"><\/i>\t\t\t\t\t<\/div>\n\t\t\t\t\t<div class=\"elementor-swiper-button elementor-swiper-button-next\" role=\"button\" tabindex=\"0\">\n\t\t\t\t\t\t<i aria-hidden=\"true\" class=\"eicon-chevron-right\"><\/i>\t\t\t\t\t<\/div>\n\t\t\t\t\n\t\t\t\t\t\t\t\t\t<div class=\"swiper-pagination\"><\/div>\n\t\t\t\t\t\t\t\t\t<\/div>\n\t\t\t\t\t\t<\/div>\n\t\t\t\t<\/div>\n\t\t\t\t\t<\/div>\n\t\t\t\t<\/div>\n\t\t<div class=\"elementor-element elementor-element-70d9c96 e-flex e-con-boxed e-con e-parent\" data-id=\"70d9c96\" data-element_type=\"container\" data-e-type=\"container\">\n\t\t\t\t\t<div class=\"e-con-inner\">\n\t\t\t\t<div class=\"elementor-element elementor-element-97ecb20 elementor-align-center elementor-widget elementor-widget-button\" data-id=\"97ecb20\" data-element_type=\"widget\" data-e-type=\"widget\" data-widget_type=\"button.default\">\n\t\t\t\t<div class=\"elementor-widget-container\">\n\t\t\t\t\t\t\t\t\t<div class=\"elementor-button-wrapper\">\n\t\t\t\t\t<a class=\"elementor-button elementor-button-link elementor-size-sm\" href=\"#\">\n\t\t\t\t\t\t<span class=\"elementor-button-content-wrapper\">\n\t\t\t\t\t\t\t\t\t<span class=\"elementor-button-text\">Pida aqu\u00ed su cita para nuestra cl\u00ednica en Marbella<\/span>\n\t\t\t\t\t<\/span>\n\t\t\t\t\t<\/a>\n\t\t\t\t<\/div>\n\t\t\t\t\t\t\t\t<\/div>\n\t\t\t\t<\/div>\n\t\t\t\t<div class=\"elementor-element elementor-element-8904892 elementor-widget elementor-widget-spacer\" data-id=\"8904892\" data-element_type=\"widget\" data-e-type=\"widget\" data-widget_type=\"spacer.default\">\n\t\t\t\t<div class=\"elementor-widget-container\">\n\t\t\t\t\t\t\t<div class=\"elementor-spacer\">\n\t\t\t<div class=\"elementor-spacer-inner\"><\/div>\n\t\t<\/div>\n\t\t\t\t\t\t<\/div>\n\t\t\t\t<\/div>\n\t\t\t\t\t<\/div>\n\t\t\t\t<\/div>\n\t\t<div class=\"elementor-element elementor-element-c5770a2 e-flex e-con-boxed e-con e-parent\" data-id=\"c5770a2\" data-element_type=\"container\" data-e-type=\"container\">\n\t\t\t\t\t<div class=\"e-con-inner\">\n\t\t\t\t<div class=\"elementor-element elementor-element-5637077 elementor-widget elementor-widget-google_maps\" data-id=\"5637077\" data-element_type=\"widget\" data-e-type=\"widget\" data-widget_type=\"google_maps.default\">\n\t\t\t\t<div class=\"elementor-widget-container\">\n\t\t\t\t\t\t\t<div class=\"elementor-custom-embed\">\n\t\t\t<iframe loading=\"lazy\"\n\t\t\t\t\tsrc=\"https:\/\/maps.google.com\/maps?q=Antonio%20Bel%C3%B3n%2C%2018&#038;t=m&#038;z=11&#038;output=embed&#038;iwloc=near\"\n\t\t\t\t\ttitle=\"Antonio Bel\u00f3n, 18\"\n\t\t\t\t\taria-label=\"Antonio Bel\u00f3n, 18\"\n\t\t\t><\/iframe>\n\t\t<\/div>\n\t\t\t\t\t\t<\/div>\n\t\t\t\t<\/div>\n\t\t\t\t\t<\/div>\n\t\t\t\t<\/div>\n\t\t\t\t<\/div>\n\t\t","protected":false},"excerpt":{"rendered":"<p>Pod\u00f3logo en Marbella Bienvenido a nuestra\u00a0Cl\u00ednica Podol\u00f3gica en Marbella, su centro de confianza donde la salud de sus pies est\u00e1 en manos de profesionales. Situados en el coraz\u00f3n de Marbella, ofrecemos una amplia gama de servicios podol\u00f3gicos para asegurar el bienestar y la comodidad de sus pasos. Servicios profesionales de podolog\u00eda en Marbella Nuestros servicios &hellip; <\/p>\n<p class=\"link-more\"><a href=\"https:\/\/www.albalapodologo.com\/index.php\/marbella\/\" class=\"more-link\">Read more<span class=\"screen-reader-text\"> &#8220;Marbella&#8221;<\/span><\/a><\/p>\n","protected":false},"author":1,"featured_media":0,"parent":0,"menu_order":0,"comment_status":"closed","ping_status":"closed","template":"","meta":{"footnotes":""},"class_list":["post-393","page","type-page","status-publish","hentry"],"yoast_head":"<!-- This site is optimized with the Yoast SEO plugin v27.3 - https:\/\/yoast.com\/product\/yoast-seo-wordpress\/ -->\n<title>Marbella - Albal\u00e1 Pod\u00f3logo<\/title>\n<meta name=\"robots\" content=\"index, follow, max-snippet:-1, max-image-preview:large, max-video-preview:-1\" \/>\n<link rel=\"canonical\" href=\"https:\/\/www.albalapodologo.com\/index.php\/marbella\/\" \/>\n<meta property=\"og:locale\" content=\"en_US\" \/>\n<meta property=\"og:type\" content=\"article\" \/>\n<meta property=\"og:title\" content=\"Marbella - Albal\u00e1 Pod\u00f3logo\" \/>\n<meta property=\"og:description\" content=\"Pod\u00f3logo en Marbella Bienvenido a nuestra\u00a0Cl\u00ednica Podol\u00f3gica en Marbella, su centro de confianza donde la salud de sus pies est\u00e1 en manos de profesionales. Situados en el coraz\u00f3n de Marbella, ofrecemos una amplia gama de servicios podol\u00f3gicos para asegurar el bienestar y la comodidad de sus pasos. Servicios profesionales de podolog\u00eda en Marbella Nuestros servicios &hellip; Read more &quot;Marbella&quot;\" \/>\n<meta property=\"og:url\" content=\"https:\/\/www.albalapodologo.com\/index.php\/marbella\/\" \/>\n<meta property=\"og:site_name\" content=\"Albal\u00e1 Pod\u00f3logo\" \/>\n<meta property=\"article:modified_time\" content=\"2024-04-09T12:14:26+00:00\" \/>\n<meta property=\"og:image\" content=\"http:\/\/www.albalapodologo.com\/wp-content\/uploads\/2023\/10\/IMG_0309-1024x768.jpg\" \/>\n<meta name=\"twitter:card\" content=\"summary_large_image\" \/>\n<meta name=\"twitter:label1\" content=\"Est. reading time\" \/>\n\t<meta name=\"twitter:data1\" content=\"3 minutes\" \/>\n<script type=\"application\/ld+json\" class=\"yoast-schema-graph\">{\"@context\":\"https:\\\/\\\/schema.org\",\"@graph\":[{\"@type\":\"WebPage\",\"@id\":\"https:\\\/\\\/www.albalapodologo.com\\\/index.php\\\/marbella\\\/\",\"url\":\"https:\\\/\\\/www.albalapodologo.com\\\/index.php\\\/marbella\\\/\",\"name\":\"Marbella - Albal\u00e1 Pod\u00f3logo\",\"isPartOf\":{\"@id\":\"https:\\\/\\\/www.albalapodologo.com\\\/#website\"},\"primaryImageOfPage\":{\"@id\":\"https:\\\/\\\/www.albalapodologo.com\\\/index.php\\\/marbella\\\/#primaryimage\"},\"image\":{\"@id\":\"https:\\\/\\\/www.albalapodologo.com\\\/index.php\\\/marbella\\\/#primaryimage\"},\"thumbnailUrl\":\"http:\\\/\\\/www.albalapodologo.com\\\/wp-content\\\/uploads\\\/2023\\\/10\\\/IMG_0309-1024x768.jpg\",\"datePublished\":\"2023-10-06T00:31:08+00:00\",\"dateModified\":\"2024-04-09T12:14:26+00:00\",\"breadcrumb\":{\"@id\":\"https:\\\/\\\/www.albalapodologo.com\\\/index.php\\\/marbella\\\/#breadcrumb\"},\"inLanguage\":\"en-US\",\"potentialAction\":[{\"@type\":\"ReadAction\",\"target\":[\"https:\\\/\\\/www.albalapodologo.com\\\/index.php\\\/marbella\\\/\"]}]},{\"@type\":\"ImageObject\",\"inLanguage\":\"en-US\",\"@id\":\"https:\\\/\\\/www.albalapodologo.com\\\/index.php\\\/marbella\\\/#primaryimage\",\"url\":\"http:\\\/\\\/www.albalapodologo.com\\\/wp-content\\\/uploads\\\/2023\\\/10\\\/IMG_0309-1024x768.jpg\",\"contentUrl\":\"http:\\\/\\\/www.albalapodologo.com\\\/wp-content\\\/uploads\\\/2023\\\/10\\\/IMG_0309-1024x768.jpg\"},{\"@type\":\"BreadcrumbList\",\"@id\":\"https:\\\/\\\/www.albalapodologo.com\\\/index.php\\\/marbella\\\/#breadcrumb\",\"itemListElement\":[{\"@type\":\"ListItem\",\"position\":1,\"name\":\"Portada\",\"item\":\"https:\\\/\\\/www.albalapodologo.com\\\/\"},{\"@type\":\"ListItem\",\"position\":2,\"name\":\"Marbella\"}]},{\"@type\":\"WebSite\",\"@id\":\"https:\\\/\\\/www.albalapodologo.com\\\/#website\",\"url\":\"https:\\\/\\\/www.albalapodologo.com\\\/\",\"name\":\"Albal\u00e1 Pod\u00f3logo\",\"description\":\"Conf\u00eda en los profesionales de nuestra cl\u00ednica de podolog\u00eda para recibir atenci\u00f3n especializada centrada en el bienestar de tus pies y la salud musculoesquel\u00e9tica en general. Diagnosticamos y solucionamos cualquier problema relacionado con los pies, como cirug\u00eda por ultrasonidos, estudios biomec\u00e1nicos de la pisada, u\u00f1as encarnadas u otras patolog\u00edas que pueden afectar tu movilidad y calidad de vida. Tambi\u00e9n tomamos medidas preventivas con ex\u00e1menes de postura y funci\u00f3n del pie para evitar lesiones o desalineaciones evitables. Con t\u00e9cnicas y equipos modernos y seguros, los pod\u00f3logos de la cl\u00ednica brindan un servicio personalizado y de calidad para mantener la salud de tus pies. Conf\u00eda en nuestra cl\u00ednica de podolog\u00eda para recibir consejos de cuidado de pies altamente especializados e individualizados y asegurarte de que tus pies est\u00e9n felices, sanos y m\u00f3viles.\",\"publisher\":{\"@id\":\"https:\\\/\\\/www.albalapodologo.com\\\/#organization\"},\"potentialAction\":[{\"@type\":\"SearchAction\",\"target\":{\"@type\":\"EntryPoint\",\"urlTemplate\":\"https:\\\/\\\/www.albalapodologo.com\\\/?s={search_term_string}\"},\"query-input\":{\"@type\":\"PropertyValueSpecification\",\"valueRequired\":true,\"valueName\":\"search_term_string\"}}],\"inLanguage\":\"en-US\"},{\"@type\":\"Organization\",\"@id\":\"https:\\\/\\\/www.albalapodologo.com\\\/#organization\",\"name\":\"Albal\u00e1 Pod\u00f3logo\",\"url\":\"https:\\\/\\\/www.albalapodologo.com\\\/\",\"logo\":{\"@type\":\"ImageObject\",\"inLanguage\":\"en-US\",\"@id\":\"https:\\\/\\\/www.albalapodologo.com\\\/#\\\/schema\\\/logo\\\/image\\\/\",\"url\":\"https:\\\/\\\/www.albalapodologo.com\\\/wp-content\\\/uploads\\\/2023\\\/09\\\/cropped-cropped-Clinica-Dr.-Albala-Logo-transparente.png\",\"contentUrl\":\"https:\\\/\\\/www.albalapodologo.com\\\/wp-content\\\/uploads\\\/2023\\\/09\\\/cropped-cropped-Clinica-Dr.-Albala-Logo-transparente.png\",\"width\":500,\"height\":237,\"caption\":\"Albal\u00e1 Pod\u00f3logo\"},\"image\":{\"@id\":\"https:\\\/\\\/www.albalapodologo.com\\\/#\\\/schema\\\/logo\\\/image\\\/\"}}]}<\/script>\n<!-- \/ Yoast SEO plugin. -->","yoast_head_json":{"title":"Marbella - Albal\u00e1 Pod\u00f3logo","robots":{"index":"index","follow":"follow","max-snippet":"max-snippet:-1","max-image-preview":"max-image-preview:large","max-video-preview":"max-video-preview:-1"},"canonical":"https:\/\/www.albalapodologo.com\/index.php\/marbella\/","og_locale":"en_US","og_type":"article","og_title":"Marbella - Albal\u00e1 Pod\u00f3logo","og_description":"Pod\u00f3logo en Marbella Bienvenido a nuestra\u00a0Cl\u00ednica Podol\u00f3gica en Marbella, su centro de confianza donde la salud de sus pies est\u00e1 en manos de profesionales. Situados en el coraz\u00f3n de Marbella, ofrecemos una amplia gama de servicios podol\u00f3gicos para asegurar el bienestar y la comodidad de sus pasos. Servicios profesionales de podolog\u00eda en Marbella Nuestros servicios &hellip; Read more \"Marbella\"","og_url":"https:\/\/www.albalapodologo.com\/index.php\/marbella\/","og_site_name":"Albal\u00e1 Pod\u00f3logo","article_modified_time":"2024-04-09T12:14:26+00:00","og_image":[{"url":"http:\/\/www.albalapodologo.com\/wp-content\/uploads\/2023\/10\/IMG_0309-1024x768.jpg","type":"","width":"","height":""}],"twitter_card":"summary_large_image","twitter_misc":{"Est. reading time":"3 minutes"},"schema":{"@context":"https:\/\/schema.org","@graph":[{"@type":"WebPage","@id":"https:\/\/www.albalapodologo.com\/index.php\/marbella\/","url":"https:\/\/www.albalapodologo.com\/index.php\/marbella\/","name":"Marbella - Albal\u00e1 Pod\u00f3logo","isPartOf":{"@id":"https:\/\/www.albalapodologo.com\/#website"},"primaryImageOfPage":{"@id":"https:\/\/www.albalapodologo.com\/index.php\/marbella\/#primaryimage"},"image":{"@id":"https:\/\/www.albalapodologo.com\/index.php\/marbella\/#primaryimage"},"thumbnailUrl":"http:\/\/www.albalapodologo.com\/wp-content\/uploads\/2023\/10\/IMG_0309-1024x768.jpg","datePublished":"2023-10-06T00:31:08+00:00","dateModified":"2024-04-09T12:14:26+00:00","breadcrumb":{"@id":"https:\/\/www.albalapodologo.com\/index.php\/marbella\/#breadcrumb"},"inLanguage":"en-US","potentialAction":[{"@type":"ReadAction","target":["https:\/\/www.albalapodologo.com\/index.php\/marbella\/"]}]},{"@type":"ImageObject","inLanguage":"en-US","@id":"https:\/\/www.albalapodologo.com\/index.php\/marbella\/#primaryimage","url":"http:\/\/www.albalapodologo.com\/wp-content\/uploads\/2023\/10\/IMG_0309-1024x768.jpg","contentUrl":"http:\/\/www.albalapodologo.com\/wp-content\/uploads\/2023\/10\/IMG_0309-1024x768.jpg"},{"@type":"BreadcrumbList","@id":"https:\/\/www.albalapodologo.com\/index.php\/marbella\/#breadcrumb","itemListElement":[{"@type":"ListItem","position":1,"name":"Portada","item":"https:\/\/www.albalapodologo.com\/"},{"@type":"ListItem","position":2,"name":"Marbella"}]},{"@type":"WebSite","@id":"https:\/\/www.albalapodologo.com\/#website","url":"https:\/\/www.albalapodologo.com\/","name":"Albal\u00e1 Pod\u00f3logo","description":"Conf\u00eda en los profesionales de nuestra cl\u00ednica de podolog\u00eda para recibir atenci\u00f3n especializada centrada en el bienestar de tus pies y la salud musculoesquel\u00e9tica en general. Diagnosticamos y solucionamos cualquier problema relacionado con los pies, como cirug\u00eda por ultrasonidos, estudios biomec\u00e1nicos de la pisada, u\u00f1as encarnadas u otras patolog\u00edas que pueden afectar tu movilidad y calidad de vida. Tambi\u00e9n tomamos medidas preventivas con ex\u00e1menes de postura y funci\u00f3n del pie para evitar lesiones o desalineaciones evitables. Con t\u00e9cnicas y equipos modernos y seguros, los pod\u00f3logos de la cl\u00ednica brindan un servicio personalizado y de calidad para mantener la salud de tus pies. Conf\u00eda en nuestra cl\u00ednica de podolog\u00eda para recibir consejos de cuidado de pies altamente especializados e individualizados y asegurarte de que tus pies est\u00e9n felices, sanos y m\u00f3viles.","publisher":{"@id":"https:\/\/www.albalapodologo.com\/#organization"},"potentialAction":[{"@type":"SearchAction","target":{"@type":"EntryPoint","urlTemplate":"https:\/\/www.albalapodologo.com\/?s={search_term_string}"},"query-input":{"@type":"PropertyValueSpecification","valueRequired":true,"valueName":"search_term_string"}}],"inLanguage":"en-US"},{"@type":"Organization","@id":"https:\/\/www.albalapodologo.com\/#organization","name":"Albal\u00e1 Pod\u00f3logo","url":"https:\/\/www.albalapodologo.com\/","logo":{"@type":"ImageObject","inLanguage":"en-US","@id":"https:\/\/www.albalapodologo.com\/#\/schema\/logo\/image\/","url":"https:\/\/www.albalapodologo.com\/wp-content\/uploads\/2023\/09\/cropped-cropped-Clinica-Dr.-Albala-Logo-transparente.png","contentUrl":"https:\/\/www.albalapodologo.com\/wp-content\/uploads\/2023\/09\/cropped-cropped-Clinica-Dr.-Albala-Logo-transparente.png","width":500,"height":237,"caption":"Albal\u00e1 Pod\u00f3logo"},"image":{"@id":"https:\/\/www.albalapodologo.com\/#\/schema\/logo\/image\/"}}]}},"featured_media_urls":[],"_links":{"self":[{"href":"https:\/\/www.albalapodologo.com\/index.php\/wp-json\/wp\/v2\/pages\/393","targetHints":{"allow":["GET"]}}],"collection":[{"href":"https:\/\/www.albalapodologo.com\/index.php\/wp-json\/wp\/v2\/pages"}],"about":[{"href":"https:\/\/www.albalapodologo.com\/index.php\/wp-json\/wp\/v2\/types\/page"}],"author":[{"embeddable":true,"href":"https:\/\/www.albalapodologo.com\/index.php\/wp-json\/wp\/v2\/users\/1"}],"replies":[{"embeddable":true,"href":"https:\/\/www.albalapodologo.com\/index.php\/wp-json\/wp\/v2\/comments?post=393"}],"version-history":[{"count":19,"href":"https:\/\/www.albalapodologo.com\/index.php\/wp-json\/wp\/v2\/pages\/393\/revisions"}],"predecessor-version":[{"id":450,"href":"https:\/\/www.albalapodologo.com\/index.php\/wp-json\/wp\/v2\/pages\/393\/revisions\/450"}],"wp:attachment":[{"href":"https:\/\/www.albalapodologo.com\/index.php\/wp-json\/wp\/v2\/media?parent=393"}],"curies":[{"name":"wp","href":"https:\/\/api.w.org\/{rel}","templated":true}]}}