{"id":451,"date":"2024-04-09T12:29:27","date_gmt":"2024-04-09T12:29:27","guid":{"rendered":"https:\/\/www.albalapodologo.com\/?page_id=451"},"modified":"2025-01-14T19:42:36","modified_gmt":"2025-01-14T19:42:36","slug":"clinicas","status":"publish","type":"page","link":"https:\/\/www.albalapodologo.com\/index.php\/clinicas\/","title":{"rendered":"Nuestra cl\u00ednica"},"content":{"rendered":"\t\t<div data-elementor-type=\"wp-page\" data-elementor-id=\"451\" class=\"elementor elementor-451\">\n\t\t\t\t<div class=\"elementor-element elementor-element-1711edd e-flex e-con-boxed e-con e-parent\" data-id=\"1711edd\" data-element_type=\"container\" data-e-type=\"container\">\n\t\t\t\t\t<div class=\"e-con-inner\">\n\t\t<div class=\"elementor-element elementor-element-9a14ef4 e-con-full e-flex e-con e-child\" data-id=\"9a14ef4\" data-element_type=\"container\" data-e-type=\"container\">\n\t\t\t\t<div class=\"elementor-element elementor-element-ac64885 elementor-widget elementor-widget-text-editor\" data-id=\"ac64885\" data-element_type=\"widget\" data-e-type=\"widget\" data-widget_type=\"text-editor.default\">\n\t\t\t\t<div class=\"elementor-widget-container\">\n\t\t\t\t\t\t\t\t\t<h3><strong>C\u00c1DIZ<\/strong><\/h3><h4>Puede visitarnos en<\/h4><h4>Calle Crist\u00f3bal Col\u00f3n, n\u00ba1 dup. 3\u00baA<\/h4><h4>11005 C\u00e1diz, C\u00e1diz<\/h4><h4>Contacto:\u00a0+34 620 245 561\u00a0<\/h4>\t\t\t\t\t\t\t\t<\/div>\n\t\t\t\t<\/div>\n\t\t\t\t<\/div>\n\t\t<div class=\"elementor-element elementor-element-e2f4fad e-con-full e-flex e-con e-child\" data-id=\"e2f4fad\" data-element_type=\"container\" data-e-type=\"container\">\n\t\t\t\t<div class=\"elementor-element elementor-element-c78ab30 elementor-widget elementor-widget-image\" data-id=\"c78ab30\" data-element_type=\"widget\" data-e-type=\"widget\" data-widget_type=\"image.default\">\n\t\t\t\t<div class=\"elementor-widget-container\">\n\t\t\t\t\t\t\t\t\t\t\t\t\t\t\t<img fetchpriority=\"high\" decoding=\"async\" width=\"617\" height=\"445\" src=\"https:\/\/www.albalapodologo.com\/wp-content\/uploads\/2024\/04\/image111.jpg\" class=\"attachment-medium_large size-medium_large wp-image-457\" alt=\"\" srcset=\"https:\/\/www.albalapodologo.com\/wp-content\/uploads\/2024\/04\/image111.jpg 617w, https:\/\/www.albalapodologo.com\/wp-content\/uploads\/2024\/04\/image111-300x216.jpg 300w\" sizes=\"100vw\" \/>\t\t\t\t\t\t\t\t\t\t\t\t\t\t\t<\/div>\n\t\t\t\t<\/div>\n\t\t\t\t<\/div>\n\t\t\t\t\t<\/div>\n\t\t\t\t<\/div>\n\t\t<div class=\"elementor-element elementor-element-679399d e-flex e-con-boxed e-con e-parent\" data-id=\"679399d\" data-element_type=\"container\" data-e-type=\"container\">\n\t\t\t\t\t<div class=\"e-con-inner\">\n\t\t\t\t<div class=\"elementor-element elementor-element-1e54c6a elementor-widget elementor-widget-spacer\" data-id=\"1e54c6a\" data-element_type=\"widget\" data-e-type=\"widget\" data-widget_type=\"spacer.default\">\n\t\t\t\t<div class=\"elementor-widget-container\">\n\t\t\t\t\t\t\t<div class=\"elementor-spacer\">\n\t\t\t<div class=\"elementor-spacer-inner\"><\/div>\n\t\t<\/div>\n\t\t\t\t\t\t<\/div>\n\t\t\t\t<\/div>\n\t\t\t\t\t<\/div>\n\t\t\t\t<\/div>\n\t\t<div class=\"elementor-element elementor-element-c292990 e-flex e-con-boxed e-con e-parent\" data-id=\"c292990\" data-element_type=\"container\" data-e-type=\"container\">\n\t\t\t\t\t<div class=\"e-con-inner\">\n\t\t\t\t<div class=\"elementor-element elementor-element-660ca18 elementor-align-center elementor-widget elementor-widget-button\" data-id=\"660ca18\" data-element_type=\"widget\" data-e-type=\"widget\" data-widget_type=\"button.default\">\n\t\t\t\t<div class=\"elementor-widget-container\">\n\t\t\t\t\t\t\t\t\t<div class=\"elementor-button-wrapper\">\n\t\t\t\t\t<a class=\"elementor-button elementor-button-link elementor-size-sm\" href=\"https:\/\/www.albalapodologo.com\/index.php\/cadiz-2\/\">\n\t\t\t\t\t\t<span class=\"elementor-button-content-wrapper\">\n\t\t\t\t\t\t\t\t\t<span class=\"elementor-button-text\">M\u00e1s detalles<\/span>\n\t\t\t\t\t<\/span>\n\t\t\t\t\t<\/a>\n\t\t\t\t<\/div>\n\t\t\t\t\t\t\t\t<\/div>\n\t\t\t\t<\/div>\n\t\t\t\t\t<\/div>\n\t\t\t\t<\/div>\n\t\t<div class=\"elementor-element elementor-element-53c0dc8 e-flex e-con-boxed e-con e-parent\" data-id=\"53c0dc8\" data-element_type=\"container\" data-e-type=\"container\">\n\t\t\t\t\t<div class=\"e-con-inner\">\n\t\t\t\t<div class=\"elementor-element elementor-element-da55616 elementor-widget elementor-widget-spacer\" data-id=\"da55616\" data-element_type=\"widget\" data-e-type=\"widget\" data-widget_type=\"spacer.default\">\n\t\t\t\t<div class=\"elementor-widget-container\">\n\t\t\t\t\t\t\t<div class=\"elementor-spacer\">\n\t\t\t<div class=\"elementor-spacer-inner\"><\/div>\n\t\t<\/div>\n\t\t\t\t\t\t<\/div>\n\t\t\t\t<\/div>\n\t\t\t\t\t<\/div>\n\t\t\t\t<\/div>\n\t\t<div class=\"elementor-element elementor-element-c8af1d6 e-flex e-con-boxed e-con e-parent\" data-id=\"c8af1d6\" data-element_type=\"container\" data-e-type=\"container\">\n\t\t\t\t\t<div class=\"e-con-inner\">\n\t\t<div class=\"elementor-element elementor-element-e163880 e-con-full e-flex e-con e-child\" data-id=\"e163880\" data-element_type=\"container\" data-e-type=\"container\">\n\t\t\t\t<div class=\"elementor-element elementor-element-dcc0b1d elementor-widget elementor-widget-image\" data-id=\"dcc0b1d\" data-element_type=\"widget\" data-e-type=\"widget\" data-widget_type=\"image.default\">\n\t\t\t\t<div class=\"elementor-widget-container\">\n\t\t\t\t\t\t\t\t\t\t\t\t\t\t\t<img decoding=\"async\" width=\"950\" height=\"713\" src=\"https:\/\/www.albalapodologo.com\/wp-content\/uploads\/2023\/10\/IMG_0309-1024x768.jpg\" class=\"attachment-large size-large wp-image-379\" alt=\"\" srcset=\"https:\/\/www.albalapodologo.com\/wp-content\/uploads\/2023\/10\/IMG_0309-1024x768.jpg 1024w, https:\/\/www.albalapodologo.com\/wp-content\/uploads\/2023\/10\/IMG_0309-300x225.jpg 300w, https:\/\/www.albalapodologo.com\/wp-content\/uploads\/2023\/10\/IMG_0309-768x576.jpg 768w, https:\/\/www.albalapodologo.com\/wp-content\/uploads\/2023\/10\/IMG_0309-1536x1152.jpg 1536w, https:\/\/www.albalapodologo.com\/wp-content\/uploads\/2023\/10\/IMG_0309-2048x1536.jpg 2048w, https:\/\/www.albalapodologo.com\/wp-content\/uploads\/2023\/10\/IMG_0309-2000x1500.jpg 2000w, https:\/\/www.albalapodologo.com\/wp-content\/uploads\/2023\/10\/IMG_0309-scaled-600x450.jpg 600w, https:\/\/www.albalapodologo.com\/wp-content\/uploads\/2023\/10\/IMG_0309-scaled-1200x900.jpg 1200w\" sizes=\"100vw\" \/>\t\t\t\t\t\t\t\t\t\t\t\t\t\t\t<\/div>\n\t\t\t\t<\/div>\n\t\t\t\t<\/div>\n\t\t<div class=\"elementor-element elementor-element-4365a0d e-con-full e-flex e-con e-child\" data-id=\"4365a0d\" data-element_type=\"container\" data-e-type=\"container\">\n\t\t\t\t<div class=\"elementor-element elementor-element-05c0512 elementor-widget__width-initial elementor-widget elementor-widget-text-editor\" data-id=\"05c0512\" data-element_type=\"widget\" data-e-type=\"widget\" data-widget_type=\"text-editor.default\">\n\t\t\t\t<div class=\"elementor-widget-container\">\n\t\t\t\t\t\t\t\t\t<h3>MARBELLA<\/h3><h4>Puede visitarnos en<\/h4><h4>Avenida Antonio Bel\u00f3n, 18<\/h4><h4>29602 Marbella, M\u00e1laga<\/h4><h4>Contacto:\u00a0+34 620 245 561\u00a0<\/h4>\t\t\t\t\t\t\t\t<\/div>\n\t\t\t\t<\/div>\n\t\t\t\t<\/div>\n\t\t\t\t\t<\/div>\n\t\t\t\t<\/div>\n\t\t<div class=\"elementor-element elementor-element-49fec45 e-flex e-con-boxed e-con e-parent\" data-id=\"49fec45\" data-element_type=\"container\" data-e-type=\"container\">\n\t\t\t\t\t<div class=\"e-con-inner\">\n\t\t\t\t<div class=\"elementor-element elementor-element-33645d1 elementor-widget elementor-widget-spacer\" data-id=\"33645d1\" data-element_type=\"widget\" data-e-type=\"widget\" data-widget_type=\"spacer.default\">\n\t\t\t\t<div class=\"elementor-widget-container\">\n\t\t\t\t\t\t\t<div class=\"elementor-spacer\">\n\t\t\t<div class=\"elementor-spacer-inner\"><\/div>\n\t\t<\/div>\n\t\t\t\t\t\t<\/div>\n\t\t\t\t<\/div>\n\t\t\t\t\t<\/div>\n\t\t\t\t<\/div>\n\t\t<div class=\"elementor-element elementor-element-a973df8 e-flex e-con-boxed e-con e-parent\" data-id=\"a973df8\" data-element_type=\"container\" data-e-type=\"container\">\n\t\t\t\t\t<div class=\"e-con-inner\">\n\t\t\t\t<div class=\"elementor-element elementor-element-2e4df51 elementor-align-center elementor-widget elementor-widget-button\" data-id=\"2e4df51\" data-element_type=\"widget\" data-e-type=\"widget\" data-widget_type=\"button.default\">\n\t\t\t\t<div class=\"elementor-widget-container\">\n\t\t\t\t\t\t\t\t\t<div class=\"elementor-button-wrapper\">\n\t\t\t\t\t<a class=\"elementor-button elementor-button-link elementor-size-sm\" href=\"https:\/\/www.albalapodologo.com\/index.php\/marbella\/\">\n\t\t\t\t\t\t<span class=\"elementor-button-content-wrapper\">\n\t\t\t\t\t\t\t\t\t<span class=\"elementor-button-text\">M\u00e1s detalles<\/span>\n\t\t\t\t\t<\/span>\n\t\t\t\t\t<\/a>\n\t\t\t\t<\/div>\n\t\t\t\t\t\t\t\t<\/div>\n\t\t\t\t<\/div>\n\t\t\t\t\t<\/div>\n\t\t\t\t<\/div>\n\t\t\t\t<\/div>\n\t\t","protected":false},"excerpt":{"rendered":"<p>C\u00c1DIZ Puede visitarnos en Calle Crist\u00f3bal Col\u00f3n, n\u00ba1 dup. 3\u00baA 11005 C\u00e1diz, C\u00e1diz Contacto:\u00a0+34 620 245 561\u00a0 M\u00e1s detalles MARBELLA Puede visitarnos en Avenida Antonio Bel\u00f3n, 18 29602 Marbella, M\u00e1laga Contacto:\u00a0+34 620 245 561\u00a0 M\u00e1s detalles<\/p>\n","protected":false},"author":1,"featured_media":0,"parent":0,"menu_order":0,"comment_status":"closed","ping_status":"closed","template":"","meta":{"footnotes":""},"class_list":["post-451","page","type-page","status-publish","hentry"],"yoast_head":"<!-- This site is optimized with the Yoast SEO plugin v27.3 - https:\/\/yoast.com\/product\/yoast-seo-wordpress\/ -->\n<title>Nuestra cl\u00ednica - Albal\u00e1 Pod\u00f3logo<\/title>\n<meta name=\"robots\" content=\"index, follow, max-snippet:-1, max-image-preview:large, max-video-preview:-1\" \/>\n<link rel=\"canonical\" href=\"https:\/\/www.albalapodologo.com\/index.php\/clinicas\/\" \/>\n<meta property=\"og:locale\" content=\"en_US\" \/>\n<meta property=\"og:type\" content=\"article\" \/>\n<meta property=\"og:title\" content=\"Nuestra cl\u00ednica - Albal\u00e1 Pod\u00f3logo\" \/>\n<meta property=\"og:description\" content=\"C\u00c1DIZ Puede visitarnos en Calle Crist\u00f3bal Col\u00f3n, n\u00ba1 dup. 3\u00baA 11005 C\u00e1diz, C\u00e1diz Contacto:\u00a0+34 620 245 561\u00a0 M\u00e1s detalles MARBELLA Puede visitarnos en Avenida Antonio Bel\u00f3n, 18 29602 Marbella, M\u00e1laga Contacto:\u00a0+34 620 245 561\u00a0 M\u00e1s detalles\" \/>\n<meta property=\"og:url\" content=\"https:\/\/www.albalapodologo.com\/index.php\/clinicas\/\" \/>\n<meta property=\"og:site_name\" content=\"Albal\u00e1 Pod\u00f3logo\" \/>\n<meta property=\"article:modified_time\" content=\"2025-01-14T19:42:36+00:00\" \/>\n<meta property=\"og:image\" content=\"http:\/\/www.albalapodologo.com\/wp-content\/uploads\/2024\/04\/image111.jpg\" \/>\n<meta name=\"twitter:card\" content=\"summary_large_image\" \/>\n<meta name=\"twitter:label1\" content=\"Est. reading time\" \/>\n\t<meta name=\"twitter:data1\" content=\"1 minute\" \/>\n<script type=\"application\/ld+json\" class=\"yoast-schema-graph\">{\"@context\":\"https:\\\/\\\/schema.org\",\"@graph\":[{\"@type\":\"WebPage\",\"@id\":\"https:\\\/\\\/www.albalapodologo.com\\\/index.php\\\/clinicas\\\/\",\"url\":\"https:\\\/\\\/www.albalapodologo.com\\\/index.php\\\/clinicas\\\/\",\"name\":\"Nuestra cl\u00ednica - Albal\u00e1 Pod\u00f3logo\",\"isPartOf\":{\"@id\":\"https:\\\/\\\/www.albalapodologo.com\\\/#website\"},\"primaryImageOfPage\":{\"@id\":\"https:\\\/\\\/www.albalapodologo.com\\\/index.php\\\/clinicas\\\/#primaryimage\"},\"image\":{\"@id\":\"https:\\\/\\\/www.albalapodologo.com\\\/index.php\\\/clinicas\\\/#primaryimage\"},\"thumbnailUrl\":\"http:\\\/\\\/www.albalapodologo.com\\\/wp-content\\\/uploads\\\/2024\\\/04\\\/image111.jpg\",\"datePublished\":\"2024-04-09T12:29:27+00:00\",\"dateModified\":\"2025-01-14T19:42:36+00:00\",\"breadcrumb\":{\"@id\":\"https:\\\/\\\/www.albalapodologo.com\\\/index.php\\\/clinicas\\\/#breadcrumb\"},\"inLanguage\":\"en-US\",\"potentialAction\":[{\"@type\":\"ReadAction\",\"target\":[\"https:\\\/\\\/www.albalapodologo.com\\\/index.php\\\/clinicas\\\/\"]}]},{\"@type\":\"ImageObject\",\"inLanguage\":\"en-US\",\"@id\":\"https:\\\/\\\/www.albalapodologo.com\\\/index.php\\\/clinicas\\\/#primaryimage\",\"url\":\"http:\\\/\\\/www.albalapodologo.com\\\/wp-content\\\/uploads\\\/2024\\\/04\\\/image111.jpg\",\"contentUrl\":\"http:\\\/\\\/www.albalapodologo.com\\\/wp-content\\\/uploads\\\/2024\\\/04\\\/image111.jpg\"},{\"@type\":\"BreadcrumbList\",\"@id\":\"https:\\\/\\\/www.albalapodologo.com\\\/index.php\\\/clinicas\\\/#breadcrumb\",\"itemListElement\":[{\"@type\":\"ListItem\",\"position\":1,\"name\":\"Portada\",\"item\":\"https:\\\/\\\/www.albalapodologo.com\\\/\"},{\"@type\":\"ListItem\",\"position\":2,\"name\":\"Nuestra cl\u00ednica\"}]},{\"@type\":\"WebSite\",\"@id\":\"https:\\\/\\\/www.albalapodologo.com\\\/#website\",\"url\":\"https:\\\/\\\/www.albalapodologo.com\\\/\",\"name\":\"Albal\u00e1 Pod\u00f3logo\",\"description\":\"Conf\u00eda en los profesionales de nuestra cl\u00ednica de podolog\u00eda para recibir atenci\u00f3n especializada centrada en el bienestar de tus pies y la salud musculoesquel\u00e9tica en general. Diagnosticamos y solucionamos cualquier problema relacionado con los pies, como cirug\u00eda por ultrasonidos, estudios biomec\u00e1nicos de la pisada, u\u00f1as encarnadas u otras patolog\u00edas que pueden afectar tu movilidad y calidad de vida. Tambi\u00e9n tomamos medidas preventivas con ex\u00e1menes de postura y funci\u00f3n del pie para evitar lesiones o desalineaciones evitables. Con t\u00e9cnicas y equipos modernos y seguros, los pod\u00f3logos de la cl\u00ednica brindan un servicio personalizado y de calidad para mantener la salud de tus pies. Conf\u00eda en nuestra cl\u00ednica de podolog\u00eda para recibir consejos de cuidado de pies altamente especializados e individualizados y asegurarte de que tus pies est\u00e9n felices, sanos y m\u00f3viles.\",\"publisher\":{\"@id\":\"https:\\\/\\\/www.albalapodologo.com\\\/#organization\"},\"potentialAction\":[{\"@type\":\"SearchAction\",\"target\":{\"@type\":\"EntryPoint\",\"urlTemplate\":\"https:\\\/\\\/www.albalapodologo.com\\\/?s={search_term_string}\"},\"query-input\":{\"@type\":\"PropertyValueSpecification\",\"valueRequired\":true,\"valueName\":\"search_term_string\"}}],\"inLanguage\":\"en-US\"},{\"@type\":\"Organization\",\"@id\":\"https:\\\/\\\/www.albalapodologo.com\\\/#organization\",\"name\":\"Albal\u00e1 Pod\u00f3logo\",\"url\":\"https:\\\/\\\/www.albalapodologo.com\\\/\",\"logo\":{\"@type\":\"ImageObject\",\"inLanguage\":\"en-US\",\"@id\":\"https:\\\/\\\/www.albalapodologo.com\\\/#\\\/schema\\\/logo\\\/image\\\/\",\"url\":\"https:\\\/\\\/www.albalapodologo.com\\\/wp-content\\\/uploads\\\/2023\\\/09\\\/cropped-cropped-Clinica-Dr.-Albala-Logo-transparente.png\",\"contentUrl\":\"https:\\\/\\\/www.albalapodologo.com\\\/wp-content\\\/uploads\\\/2023\\\/09\\\/cropped-cropped-Clinica-Dr.-Albala-Logo-transparente.png\",\"width\":500,\"height\":237,\"caption\":\"Albal\u00e1 Pod\u00f3logo\"},\"image\":{\"@id\":\"https:\\\/\\\/www.albalapodologo.com\\\/#\\\/schema\\\/logo\\\/image\\\/\"}}]}<\/script>\n<!-- \/ Yoast SEO plugin. -->","yoast_head_json":{"title":"Nuestra cl\u00ednica - Albal\u00e1 Pod\u00f3logo","robots":{"index":"index","follow":"follow","max-snippet":"max-snippet:-1","max-image-preview":"max-image-preview:large","max-video-preview":"max-video-preview:-1"},"canonical":"https:\/\/www.albalapodologo.com\/index.php\/clinicas\/","og_locale":"en_US","og_type":"article","og_title":"Nuestra cl\u00ednica - Albal\u00e1 Pod\u00f3logo","og_description":"C\u00c1DIZ Puede visitarnos en Calle Crist\u00f3bal Col\u00f3n, n\u00ba1 dup. 3\u00baA 11005 C\u00e1diz, C\u00e1diz Contacto:\u00a0+34 620 245 561\u00a0 M\u00e1s detalles MARBELLA Puede visitarnos en Avenida Antonio Bel\u00f3n, 18 29602 Marbella, M\u00e1laga Contacto:\u00a0+34 620 245 561\u00a0 M\u00e1s detalles","og_url":"https:\/\/www.albalapodologo.com\/index.php\/clinicas\/","og_site_name":"Albal\u00e1 Pod\u00f3logo","article_modified_time":"2025-01-14T19:42:36+00:00","og_image":[{"url":"http:\/\/www.albalapodologo.com\/wp-content\/uploads\/2024\/04\/image111.jpg","type":"","width":"","height":""}],"twitter_card":"summary_large_image","twitter_misc":{"Est. reading time":"1 minute"},"schema":{"@context":"https:\/\/schema.org","@graph":[{"@type":"WebPage","@id":"https:\/\/www.albalapodologo.com\/index.php\/clinicas\/","url":"https:\/\/www.albalapodologo.com\/index.php\/clinicas\/","name":"Nuestra cl\u00ednica - Albal\u00e1 Pod\u00f3logo","isPartOf":{"@id":"https:\/\/www.albalapodologo.com\/#website"},"primaryImageOfPage":{"@id":"https:\/\/www.albalapodologo.com\/index.php\/clinicas\/#primaryimage"},"image":{"@id":"https:\/\/www.albalapodologo.com\/index.php\/clinicas\/#primaryimage"},"thumbnailUrl":"http:\/\/www.albalapodologo.com\/wp-content\/uploads\/2024\/04\/image111.jpg","datePublished":"2024-04-09T12:29:27+00:00","dateModified":"2025-01-14T19:42:36+00:00","breadcrumb":{"@id":"https:\/\/www.albalapodologo.com\/index.php\/clinicas\/#breadcrumb"},"inLanguage":"en-US","potentialAction":[{"@type":"ReadAction","target":["https:\/\/www.albalapodologo.com\/index.php\/clinicas\/"]}]},{"@type":"ImageObject","inLanguage":"en-US","@id":"https:\/\/www.albalapodologo.com\/index.php\/clinicas\/#primaryimage","url":"http:\/\/www.albalapodologo.com\/wp-content\/uploads\/2024\/04\/image111.jpg","contentUrl":"http:\/\/www.albalapodologo.com\/wp-content\/uploads\/2024\/04\/image111.jpg"},{"@type":"BreadcrumbList","@id":"https:\/\/www.albalapodologo.com\/index.php\/clinicas\/#breadcrumb","itemListElement":[{"@type":"ListItem","position":1,"name":"Portada","item":"https:\/\/www.albalapodologo.com\/"},{"@type":"ListItem","position":2,"name":"Nuestra cl\u00ednica"}]},{"@type":"WebSite","@id":"https:\/\/www.albalapodologo.com\/#website","url":"https:\/\/www.albalapodologo.com\/","name":"Albal\u00e1 Pod\u00f3logo","description":"Conf\u00eda en los profesionales de nuestra cl\u00ednica de podolog\u00eda para recibir atenci\u00f3n especializada centrada en el bienestar de tus pies y la salud musculoesquel\u00e9tica en general. Diagnosticamos y solucionamos cualquier problema relacionado con los pies, como cirug\u00eda por ultrasonidos, estudios biomec\u00e1nicos de la pisada, u\u00f1as encarnadas u otras patolog\u00edas que pueden afectar tu movilidad y calidad de vida. Tambi\u00e9n tomamos medidas preventivas con ex\u00e1menes de postura y funci\u00f3n del pie para evitar lesiones o desalineaciones evitables. Con t\u00e9cnicas y equipos modernos y seguros, los pod\u00f3logos de la cl\u00ednica brindan un servicio personalizado y de calidad para mantener la salud de tus pies. Conf\u00eda en nuestra cl\u00ednica de podolog\u00eda para recibir consejos de cuidado de pies altamente especializados e individualizados y asegurarte de que tus pies est\u00e9n felices, sanos y m\u00f3viles.","publisher":{"@id":"https:\/\/www.albalapodologo.com\/#organization"},"potentialAction":[{"@type":"SearchAction","target":{"@type":"EntryPoint","urlTemplate":"https:\/\/www.albalapodologo.com\/?s={search_term_string}"},"query-input":{"@type":"PropertyValueSpecification","valueRequired":true,"valueName":"search_term_string"}}],"inLanguage":"en-US"},{"@type":"Organization","@id":"https:\/\/www.albalapodologo.com\/#organization","name":"Albal\u00e1 Pod\u00f3logo","url":"https:\/\/www.albalapodologo.com\/","logo":{"@type":"ImageObject","inLanguage":"en-US","@id":"https:\/\/www.albalapodologo.com\/#\/schema\/logo\/image\/","url":"https:\/\/www.albalapodologo.com\/wp-content\/uploads\/2023\/09\/cropped-cropped-Clinica-Dr.-Albala-Logo-transparente.png","contentUrl":"https:\/\/www.albalapodologo.com\/wp-content\/uploads\/2023\/09\/cropped-cropped-Clinica-Dr.-Albala-Logo-transparente.png","width":500,"height":237,"caption":"Albal\u00e1 Pod\u00f3logo"},"image":{"@id":"https:\/\/www.albalapodologo.com\/#\/schema\/logo\/image\/"}}]}},"featured_media_urls":[],"_links":{"self":[{"href":"https:\/\/www.albalapodologo.com\/index.php\/wp-json\/wp\/v2\/pages\/451","targetHints":{"allow":["GET"]}}],"collection":[{"href":"https:\/\/www.albalapodologo.com\/index.php\/wp-json\/wp\/v2\/pages"}],"about":[{"href":"https:\/\/www.albalapodologo.com\/index.php\/wp-json\/wp\/v2\/types\/page"}],"author":[{"embeddable":true,"href":"https:\/\/www.albalapodologo.com\/index.php\/wp-json\/wp\/v2\/users\/1"}],"replies":[{"embeddable":true,"href":"https:\/\/www.albalapodologo.com\/index.php\/wp-json\/wp\/v2\/comments?post=451"}],"version-history":[{"count":14,"href":"https:\/\/www.albalapodologo.com\/index.php\/wp-json\/wp\/v2\/pages\/451\/revisions"}],"predecessor-version":[{"id":486,"href":"https:\/\/www.albalapodologo.com\/index.php\/wp-json\/wp\/v2\/pages\/451\/revisions\/486"}],"wp:attachment":[{"href":"https:\/\/www.albalapodologo.com\/index.php\/wp-json\/wp\/v2\/media?parent=451"}],"curies":[{"name":"wp","href":"https:\/\/api.w.org\/{rel}","templated":true}]}}