{"id":8,"date":"2023-09-22T11:04:16","date_gmt":"2023-09-22T11:04:16","guid":{"rendered":"http:\/\/www.albalapodologo.com\/?page_id=8"},"modified":"2023-10-06T00:38:06","modified_gmt":"2023-10-06T00:38:06","slug":"acerca-de","status":"publish","type":"page","link":"https:\/\/www.albalapodologo.com\/index.php\/acerca-de\/","title":{"rendered":"Servicios"},"content":{"rendered":"\n<h2 class=\"wp-block-heading has-large-font-size\" id=\"inspiro-is-a-digital-product-agency-that-focuses-on-strategy-and-design\" style=\"font-style:normal;font-weight:100\">Conoce nuestros servicios<\/h2>\n\n\n\n<p>En nuestra cl\u00ednica, ofrecemos una amplia variedad de servicios para el cuidado de tus pies. Algunos de nuestros servicios incluyen la cirug\u00eda por ultrasonidos, el estudio biomec\u00e1nico de la pisada y el tratamiento de patolog\u00edas ambulatorias del pie, como callos, papilomas y u\u00f1as encarnadas.<\/p>\n\n\n\n<p>La <strong>cirug\u00eda por ultrasonidos<\/strong> es un procedimiento quir\u00fargico que utiliza ondas sonoras para cortar tejidos blandos sin da\u00f1ar los tejidos circundantes. Con este m\u00e9todo tratamos de conseguir una recuperaci\u00f3n mucho menor a la que supondr\u00eda la cirug\u00eda tradicional, consiguiendo por ende que nuestros pacientes puedan abandonar nuestra sala de quir\u00f3fano caminando y teniendo recuperaciones visibles en apenas 14 d\u00edas como podemos observas en las fotograf\u00edas.<\/p>\n\n\n\n<p>El <strong><a href=\"https:\/\/www.albalapodologo.com\/index.php\/estudio-biomecanico-de-la-pisada\/\">estudio biomec\u00e1nico de la pisada<\/a><\/strong> es una evaluaci\u00f3n exhaustiva de la forma en que caminas y corres. Utilizamos tecnolog\u00eda avanzada para analizar tu pisada y detectar cualquier problema biomec\u00e1nico que pueda estar causando dolor o molestias en tus pies.<\/p>\n\n\n\n<p>Adem\u00e1s, ofrecemos tratamiento para una variedad de patolog\u00edas ambulatorias del pie, como callos, papilomas y u\u00f1as encarnadas. Nuestros pod\u00f3logos altamente capacitados pueden ayudarte a aliviar el dolor y la incomodidad asociados con estas afecciones.<\/p>\n\n\n\n<h2 class=\"wp-block-heading\">Cirug\u00eda por ultrasonidos<\/h2>\n\n\n\n<p>La cirug\u00eda por ultrasonidos es un procedimiento quir\u00fargico que utiliza ondas sonoras para cortar tejidos blandos sin da\u00f1ar los tejidos circundantes. Con este m\u00e9todo tratamos de conseguir una recuperaci\u00f3n mucho menor a la que supondr\u00eda la cirug\u00eda tradicional, consiguiendo por ende que nuestros pacientes puedan abandonar nuestra sala de quir\u00f3fano caminando y teniendo recuperaciones visibles en apenas 14 d\u00edas como podemos observas en las fotograf\u00edas.<\/p>\n\n\n\n<p>En la podolog\u00eda, la cirug\u00eda por ultrasonidos se utiliza para tratar una variedad de afecciones, como Hallux Valgus o conocido como juanetes, fascitis plantar o neuromas, entre otras. Durante el procedimiento, se aplica anestesia local y se utiliza un dispositivo de ultrasonido para cortar el tejido afectado. <\/p>\n\n\n\n<p>La cirug\u00eda por ultrasonidos es una opci\u00f3n segura y efectiva para aquellos que buscan una alternativa menos invasiva a la cirug\u00eda tradicional.<\/p>\n\n\n\n<div class=\"wp-block-columns alignwide is-layout-flex wp-container-core-columns-is-layout-28f84493 wp-block-columns-is-layout-flex\">\n<div class=\"wp-block-column is-layout-flow wp-block-column-is-layout-flow\">\n<figure class=\"wp-block-image size-large\"><img fetchpriority=\"high\" decoding=\"async\" width=\"1024\" height=\"1024\" src=\"http:\/\/www.albalapodologo.com\/wp-content\/uploads\/2023\/09\/hallux1-1024x1024.png\" alt=\"\" class=\"wp-image-190\" srcset=\"https:\/\/www.albalapodologo.com\/wp-content\/uploads\/2023\/09\/hallux1-1024x1024.png 1024w, https:\/\/www.albalapodologo.com\/wp-content\/uploads\/2023\/09\/hallux1-300x300.png 300w, https:\/\/www.albalapodologo.com\/wp-content\/uploads\/2023\/09\/hallux1-150x150.png 150w, https:\/\/www.albalapodologo.com\/wp-content\/uploads\/2023\/09\/hallux1-768x768.png 768w, https:\/\/www.albalapodologo.com\/wp-content\/uploads\/2023\/09\/hallux1.png 1080w\" sizes=\"(max-width: 1024px) 100vw, 1024px\" \/><\/figure>\n\n\n\n<p class=\"has-text-align-center has-black-color has-text-color has-medium-font-size\">Antes de la operaci\u00f3n<\/p>\n<\/div>\n\n\n\n<div class=\"wp-block-column is-layout-flow wp-block-column-is-layout-flow\">\n<figure class=\"wp-block-image size-large\"><img decoding=\"async\" width=\"1024\" height=\"1024\" src=\"http:\/\/www.albalapodologo.com\/wp-content\/uploads\/2023\/09\/hallux3-1024x1024.png\" alt=\"\" class=\"wp-image-192\" srcset=\"https:\/\/www.albalapodologo.com\/wp-content\/uploads\/2023\/09\/hallux3-1024x1024.png 1024w, https:\/\/www.albalapodologo.com\/wp-content\/uploads\/2023\/09\/hallux3-300x300.png 300w, https:\/\/www.albalapodologo.com\/wp-content\/uploads\/2023\/09\/hallux3-150x150.png 150w, https:\/\/www.albalapodologo.com\/wp-content\/uploads\/2023\/09\/hallux3-768x768.png 768w, https:\/\/www.albalapodologo.com\/wp-content\/uploads\/2023\/09\/hallux3.png 1080w\" sizes=\"(max-width: 1024px) 100vw, 1024px\" \/><\/figure>\n\n\n\n<p class=\"has-text-align-center has-black-color has-text-color has-medium-font-size\">Reci\u00e9n operado<\/p>\n<\/div>\n\n\n\n<div class=\"wp-block-column is-layout-flow wp-block-column-is-layout-flow\">\n<figure class=\"wp-block-image size-large\"><img decoding=\"async\" width=\"1024\" height=\"1024\" src=\"http:\/\/www.albalapodologo.com\/wp-content\/uploads\/2023\/09\/I--1024x1024.png\" alt=\"\" class=\"wp-image-193\" srcset=\"https:\/\/www.albalapodologo.com\/wp-content\/uploads\/2023\/09\/I--1024x1024.png 1024w, https:\/\/www.albalapodologo.com\/wp-content\/uploads\/2023\/09\/I--300x300.png 300w, https:\/\/www.albalapodologo.com\/wp-content\/uploads\/2023\/09\/I--150x150.png 150w, https:\/\/www.albalapodologo.com\/wp-content\/uploads\/2023\/09\/I--768x768.png 768w, https:\/\/www.albalapodologo.com\/wp-content\/uploads\/2023\/09\/I-.png 1080w\" sizes=\"(max-width: 1024px) 100vw, 1024px\" \/><\/figure>\n\n\n\n<p class=\"has-text-align-center has-black-color has-text-color has-medium-font-size\">Tras 14 d\u00edas de recuperaci\u00f3n<\/p>\n<\/div>\n<\/div>\n\n\n\n<p><\/p>\n\n\n\n<div class=\"wp-block-cover alignfull\" style=\"padding-top:50px;padding-right:50px;padding-bottom:50px;padding-left:50px;min-height:316px;aspect-ratio:unset;\"><span aria-hidden=\"true\" class=\"wp-block-cover__background has-black-background-color has-background-dim-100 has-background-dim\"><\/span><div class=\"wp-block-cover__inner-container is-layout-flow wp-block-cover-is-layout-flow\">\n<div class=\"wp-block-columns are-vertically-aligned-center is-layout-flex wp-container-core-columns-is-layout-28f84493 wp-block-columns-is-layout-flex\">\n<div class=\"wp-block-column is-vertically-aligned-center is-layout-flow wp-block-column-is-layout-flow\" style=\"padding-top:20px;padding-right:0px;padding-bottom:20px;padding-left:0px\"><\/div>\n\n\n\n<div class=\"wp-block-column is-vertically-aligned-center is-layout-flow wp-block-column-is-layout-flow\" style=\"padding-top:20px;padding-right:0px;padding-bottom:20px;padding-left:0px\">\n<div class=\"wp-block-group is-content-justification-space-between is-nowrap is-layout-flex wp-container-core-group-is-layout-bb3dfb5c wp-block-group-is-layout-flex\"><\/div>\n<\/div>\n\n\n\n<div class=\"wp-block-column is-vertically-aligned-center is-layout-flow wp-block-column-is-layout-flow\" style=\"padding-top:20px;padding-right:0px;padding-bottom:20px;padding-left:0px\">\n<div class=\"wp-block-group is-content-justification-space-between is-nowrap is-layout-flex wp-container-core-group-is-layout-bb3dfb5c wp-block-group-is-layout-flex\"><\/div>\n<\/div>\n<\/div>\n<\/div><\/div>\n","protected":false},"excerpt":{"rendered":"<p>Conoce nuestros servicios En nuestra cl\u00ednica, ofrecemos una amplia variedad de servicios para el cuidado de tus pies. Algunos de nuestros servicios incluyen la cirug\u00eda por ultrasonidos, el estudio biomec\u00e1nico de la pisada y el tratamiento de patolog\u00edas ambulatorias del pie, como callos, papilomas y u\u00f1as encarnadas. La cirug\u00eda por ultrasonidos es un procedimiento quir\u00fargico &hellip; <\/p>\n<p class=\"link-more\"><a href=\"https:\/\/www.albalapodologo.com\/index.php\/acerca-de\/\" class=\"more-link\">Read more<span class=\"screen-reader-text\"> &#8220;Servicios&#8221;<\/span><\/a><\/p>\n","protected":false},"author":1,"featured_media":23,"parent":0,"menu_order":0,"comment_status":"closed","ping_status":"open","template":"","meta":{"footnotes":""},"class_list":["post-8","page","type-page","status-publish","has-post-thumbnail","hentry"],"yoast_head":"<!-- This site is optimized with the Yoast SEO plugin v27.3 - https:\/\/yoast.com\/product\/yoast-seo-wordpress\/ -->\n<title>Servicios - Albal\u00e1 Pod\u00f3logo<\/title>\n<meta name=\"robots\" content=\"index, follow, max-snippet:-1, max-image-preview:large, max-video-preview:-1\" \/>\n<link rel=\"canonical\" href=\"https:\/\/www.albalapodologo.com\/index.php\/acerca-de\/\" \/>\n<meta property=\"og:locale\" content=\"en_US\" \/>\n<meta property=\"og:type\" content=\"article\" \/>\n<meta property=\"og:title\" content=\"Servicios - Albal\u00e1 Pod\u00f3logo\" \/>\n<meta property=\"og:description\" content=\"Conoce nuestros servicios En nuestra cl\u00ednica, ofrecemos una amplia variedad de servicios para el cuidado de tus pies. Algunos de nuestros servicios incluyen la cirug\u00eda por ultrasonidos, el estudio biomec\u00e1nico de la pisada y el tratamiento de patolog\u00edas ambulatorias del pie, como callos, papilomas y u\u00f1as encarnadas. La cirug\u00eda por ultrasonidos es un procedimiento quir\u00fargico &hellip; Read more &quot;Servicios&quot;\" \/>\n<meta property=\"og:url\" content=\"https:\/\/www.albalapodologo.com\/index.php\/acerca-de\/\" \/>\n<meta property=\"og:site_name\" content=\"Albal\u00e1 Pod\u00f3logo\" \/>\n<meta property=\"article:modified_time\" content=\"2023-10-06T00:38:06+00:00\" \/>\n<meta property=\"og:image\" content=\"http:\/\/www.albalapodologo.com\/wp-content\/uploads\/2023\/09\/cropped-IMG_0309-scaled-1.jpg\" \/>\n\t<meta property=\"og:image:width\" content=\"2000\" \/>\n\t<meta property=\"og:image:height\" content=\"1055\" \/>\n\t<meta property=\"og:image:type\" content=\"image\/jpeg\" \/>\n<meta name=\"twitter:card\" content=\"summary_large_image\" \/>\n<meta name=\"twitter:label1\" content=\"Est. reading time\" \/>\n\t<meta name=\"twitter:data1\" content=\"3 minutes\" \/>\n<script type=\"application\/ld+json\" class=\"yoast-schema-graph\">{\"@context\":\"https:\\\/\\\/schema.org\",\"@graph\":[{\"@type\":\"WebPage\",\"@id\":\"https:\\\/\\\/www.albalapodologo.com\\\/index.php\\\/acerca-de\\\/\",\"url\":\"https:\\\/\\\/www.albalapodologo.com\\\/index.php\\\/acerca-de\\\/\",\"name\":\"Servicios - Albal\u00e1 Pod\u00f3logo\",\"isPartOf\":{\"@id\":\"https:\\\/\\\/www.albalapodologo.com\\\/#website\"},\"primaryImageOfPage\":{\"@id\":\"https:\\\/\\\/www.albalapodologo.com\\\/index.php\\\/acerca-de\\\/#primaryimage\"},\"image\":{\"@id\":\"https:\\\/\\\/www.albalapodologo.com\\\/index.php\\\/acerca-de\\\/#primaryimage\"},\"thumbnailUrl\":\"https:\\\/\\\/www.albalapodologo.com\\\/wp-content\\\/uploads\\\/2023\\\/09\\\/cropped-IMG_0309-scaled-1.jpg\",\"datePublished\":\"2023-09-22T11:04:16+00:00\",\"dateModified\":\"2023-10-06T00:38:06+00:00\",\"breadcrumb\":{\"@id\":\"https:\\\/\\\/www.albalapodologo.com\\\/index.php\\\/acerca-de\\\/#breadcrumb\"},\"inLanguage\":\"en-US\",\"potentialAction\":[{\"@type\":\"ReadAction\",\"target\":[\"https:\\\/\\\/www.albalapodologo.com\\\/index.php\\\/acerca-de\\\/\"]}]},{\"@type\":\"ImageObject\",\"inLanguage\":\"en-US\",\"@id\":\"https:\\\/\\\/www.albalapodologo.com\\\/index.php\\\/acerca-de\\\/#primaryimage\",\"url\":\"https:\\\/\\\/www.albalapodologo.com\\\/wp-content\\\/uploads\\\/2023\\\/09\\\/cropped-IMG_0309-scaled-1.jpg\",\"contentUrl\":\"https:\\\/\\\/www.albalapodologo.com\\\/wp-content\\\/uploads\\\/2023\\\/09\\\/cropped-IMG_0309-scaled-1.jpg\",\"width\":2000,\"height\":1055},{\"@type\":\"BreadcrumbList\",\"@id\":\"https:\\\/\\\/www.albalapodologo.com\\\/index.php\\\/acerca-de\\\/#breadcrumb\",\"itemListElement\":[{\"@type\":\"ListItem\",\"position\":1,\"name\":\"Portada\",\"item\":\"https:\\\/\\\/www.albalapodologo.com\\\/\"},{\"@type\":\"ListItem\",\"position\":2,\"name\":\"Servicios\"}]},{\"@type\":\"WebSite\",\"@id\":\"https:\\\/\\\/www.albalapodologo.com\\\/#website\",\"url\":\"https:\\\/\\\/www.albalapodologo.com\\\/\",\"name\":\"Albal\u00e1 Pod\u00f3logo\",\"description\":\"Conf\u00eda en los profesionales de nuestra cl\u00ednica de podolog\u00eda para recibir atenci\u00f3n especializada centrada en el bienestar de tus pies y la salud musculoesquel\u00e9tica en general. Diagnosticamos y solucionamos cualquier problema relacionado con los pies, como cirug\u00eda por ultrasonidos, estudios biomec\u00e1nicos de la pisada, u\u00f1as encarnadas u otras patolog\u00edas que pueden afectar tu movilidad y calidad de vida. Tambi\u00e9n tomamos medidas preventivas con ex\u00e1menes de postura y funci\u00f3n del pie para evitar lesiones o desalineaciones evitables. Con t\u00e9cnicas y equipos modernos y seguros, los pod\u00f3logos de la cl\u00ednica brindan un servicio personalizado y de calidad para mantener la salud de tus pies. Conf\u00eda en nuestra cl\u00ednica de podolog\u00eda para recibir consejos de cuidado de pies altamente especializados e individualizados y asegurarte de que tus pies est\u00e9n felices, sanos y m\u00f3viles.\",\"publisher\":{\"@id\":\"https:\\\/\\\/www.albalapodologo.com\\\/#organization\"},\"potentialAction\":[{\"@type\":\"SearchAction\",\"target\":{\"@type\":\"EntryPoint\",\"urlTemplate\":\"https:\\\/\\\/www.albalapodologo.com\\\/?s={search_term_string}\"},\"query-input\":{\"@type\":\"PropertyValueSpecification\",\"valueRequired\":true,\"valueName\":\"search_term_string\"}}],\"inLanguage\":\"en-US\"},{\"@type\":\"Organization\",\"@id\":\"https:\\\/\\\/www.albalapodologo.com\\\/#organization\",\"name\":\"Albal\u00e1 Pod\u00f3logo\",\"url\":\"https:\\\/\\\/www.albalapodologo.com\\\/\",\"logo\":{\"@type\":\"ImageObject\",\"inLanguage\":\"en-US\",\"@id\":\"https:\\\/\\\/www.albalapodologo.com\\\/#\\\/schema\\\/logo\\\/image\\\/\",\"url\":\"https:\\\/\\\/www.albalapodologo.com\\\/wp-content\\\/uploads\\\/2023\\\/09\\\/cropped-cropped-Clinica-Dr.-Albala-Logo-transparente.png\",\"contentUrl\":\"https:\\\/\\\/www.albalapodologo.com\\\/wp-content\\\/uploads\\\/2023\\\/09\\\/cropped-cropped-Clinica-Dr.-Albala-Logo-transparente.png\",\"width\":500,\"height\":237,\"caption\":\"Albal\u00e1 Pod\u00f3logo\"},\"image\":{\"@id\":\"https:\\\/\\\/www.albalapodologo.com\\\/#\\\/schema\\\/logo\\\/image\\\/\"}}]}<\/script>\n<!-- \/ Yoast SEO plugin. -->","yoast_head_json":{"title":"Servicios - Albal\u00e1 Pod\u00f3logo","robots":{"index":"index","follow":"follow","max-snippet":"max-snippet:-1","max-image-preview":"max-image-preview:large","max-video-preview":"max-video-preview:-1"},"canonical":"https:\/\/www.albalapodologo.com\/index.php\/acerca-de\/","og_locale":"en_US","og_type":"article","og_title":"Servicios - Albal\u00e1 Pod\u00f3logo","og_description":"Conoce nuestros servicios En nuestra cl\u00ednica, ofrecemos una amplia variedad de servicios para el cuidado de tus pies. Algunos de nuestros servicios incluyen la cirug\u00eda por ultrasonidos, el estudio biomec\u00e1nico de la pisada y el tratamiento de patolog\u00edas ambulatorias del pie, como callos, papilomas y u\u00f1as encarnadas. La cirug\u00eda por ultrasonidos es un procedimiento quir\u00fargico &hellip; Read more \"Servicios\"","og_url":"https:\/\/www.albalapodologo.com\/index.php\/acerca-de\/","og_site_name":"Albal\u00e1 Pod\u00f3logo","article_modified_time":"2023-10-06T00:38:06+00:00","og_image":[{"width":2000,"height":1055,"url":"http:\/\/www.albalapodologo.com\/wp-content\/uploads\/2023\/09\/cropped-IMG_0309-scaled-1.jpg","type":"image\/jpeg"}],"twitter_card":"summary_large_image","twitter_misc":{"Est. reading time":"3 minutes"},"schema":{"@context":"https:\/\/schema.org","@graph":[{"@type":"WebPage","@id":"https:\/\/www.albalapodologo.com\/index.php\/acerca-de\/","url":"https:\/\/www.albalapodologo.com\/index.php\/acerca-de\/","name":"Servicios - Albal\u00e1 Pod\u00f3logo","isPartOf":{"@id":"https:\/\/www.albalapodologo.com\/#website"},"primaryImageOfPage":{"@id":"https:\/\/www.albalapodologo.com\/index.php\/acerca-de\/#primaryimage"},"image":{"@id":"https:\/\/www.albalapodologo.com\/index.php\/acerca-de\/#primaryimage"},"thumbnailUrl":"https:\/\/www.albalapodologo.com\/wp-content\/uploads\/2023\/09\/cropped-IMG_0309-scaled-1.jpg","datePublished":"2023-09-22T11:04:16+00:00","dateModified":"2023-10-06T00:38:06+00:00","breadcrumb":{"@id":"https:\/\/www.albalapodologo.com\/index.php\/acerca-de\/#breadcrumb"},"inLanguage":"en-US","potentialAction":[{"@type":"ReadAction","target":["https:\/\/www.albalapodologo.com\/index.php\/acerca-de\/"]}]},{"@type":"ImageObject","inLanguage":"en-US","@id":"https:\/\/www.albalapodologo.com\/index.php\/acerca-de\/#primaryimage","url":"https:\/\/www.albalapodologo.com\/wp-content\/uploads\/2023\/09\/cropped-IMG_0309-scaled-1.jpg","contentUrl":"https:\/\/www.albalapodologo.com\/wp-content\/uploads\/2023\/09\/cropped-IMG_0309-scaled-1.jpg","width":2000,"height":1055},{"@type":"BreadcrumbList","@id":"https:\/\/www.albalapodologo.com\/index.php\/acerca-de\/#breadcrumb","itemListElement":[{"@type":"ListItem","position":1,"name":"Portada","item":"https:\/\/www.albalapodologo.com\/"},{"@type":"ListItem","position":2,"name":"Servicios"}]},{"@type":"WebSite","@id":"https:\/\/www.albalapodologo.com\/#website","url":"https:\/\/www.albalapodologo.com\/","name":"Albal\u00e1 Pod\u00f3logo","description":"Conf\u00eda en los profesionales de nuestra cl\u00ednica de podolog\u00eda para recibir atenci\u00f3n especializada centrada en el bienestar de tus pies y la salud musculoesquel\u00e9tica en general. Diagnosticamos y solucionamos cualquier problema relacionado con los pies, como cirug\u00eda por ultrasonidos, estudios biomec\u00e1nicos de la pisada, u\u00f1as encarnadas u otras patolog\u00edas que pueden afectar tu movilidad y calidad de vida. Tambi\u00e9n tomamos medidas preventivas con ex\u00e1menes de postura y funci\u00f3n del pie para evitar lesiones o desalineaciones evitables. Con t\u00e9cnicas y equipos modernos y seguros, los pod\u00f3logos de la cl\u00ednica brindan un servicio personalizado y de calidad para mantener la salud de tus pies. Conf\u00eda en nuestra cl\u00ednica de podolog\u00eda para recibir consejos de cuidado de pies altamente especializados e individualizados y asegurarte de que tus pies est\u00e9n felices, sanos y m\u00f3viles.","publisher":{"@id":"https:\/\/www.albalapodologo.com\/#organization"},"potentialAction":[{"@type":"SearchAction","target":{"@type":"EntryPoint","urlTemplate":"https:\/\/www.albalapodologo.com\/?s={search_term_string}"},"query-input":{"@type":"PropertyValueSpecification","valueRequired":true,"valueName":"search_term_string"}}],"inLanguage":"en-US"},{"@type":"Organization","@id":"https:\/\/www.albalapodologo.com\/#organization","name":"Albal\u00e1 Pod\u00f3logo","url":"https:\/\/www.albalapodologo.com\/","logo":{"@type":"ImageObject","inLanguage":"en-US","@id":"https:\/\/www.albalapodologo.com\/#\/schema\/logo\/image\/","url":"https:\/\/www.albalapodologo.com\/wp-content\/uploads\/2023\/09\/cropped-cropped-Clinica-Dr.-Albala-Logo-transparente.png","contentUrl":"https:\/\/www.albalapodologo.com\/wp-content\/uploads\/2023\/09\/cropped-cropped-Clinica-Dr.-Albala-Logo-transparente.png","width":500,"height":237,"caption":"Albal\u00e1 Pod\u00f3logo"},"image":{"@id":"https:\/\/www.albalapodologo.com\/#\/schema\/logo\/image\/"}}]}},"featured_media_urls":{"thumbnail":["https:\/\/www.albalapodologo.com\/wp-content\/uploads\/2023\/09\/cropped-IMG_0309-scaled-1-150x150.jpg",150,150,true],"medium":["https:\/\/www.albalapodologo.com\/wp-content\/uploads\/2023\/09\/cropped-IMG_0309-scaled-1-300x158.jpg",300,158,true],"medium_large":["https:\/\/www.albalapodologo.com\/wp-content\/uploads\/2023\/09\/cropped-IMG_0309-scaled-1-768x405.jpg",768,405,true],"large":["https:\/\/www.albalapodologo.com\/wp-content\/uploads\/2023\/09\/cropped-IMG_0309-scaled-1-1024x540.jpg",950,501,true],"1536x1536":["https:\/\/www.albalapodologo.com\/wp-content\/uploads\/2023\/09\/cropped-IMG_0309-scaled-1-1536x810.jpg",1536,810,true],"2048x2048":["https:\/\/www.albalapodologo.com\/wp-content\/uploads\/2023\/09\/cropped-IMG_0309-scaled-1.jpg",2000,1055,false],"inspiro-featured-image":["https:\/\/www.albalapodologo.com\/wp-content\/uploads\/2023\/09\/cropped-IMG_0309-scaled-1.jpg",2000,1055,false],"inspiro-loop":["https:\/\/www.albalapodologo.com\/wp-content\/uploads\/2023\/09\/cropped-IMG_0309-scaled-1-950x320.jpg",950,320,true],"inspiro-loop@2x":["https:\/\/www.albalapodologo.com\/wp-content\/uploads\/2023\/09\/cropped-IMG_0309-scaled-1-1900x640.jpg",1900,640,true],"portfolio_item-thumbnail":["https:\/\/www.albalapodologo.com\/wp-content\/uploads\/2023\/09\/cropped-IMG_0309-scaled-1-600x400.jpg",600,400,true],"portfolio_item-thumbnail@2x":["https:\/\/www.albalapodologo.com\/wp-content\/uploads\/2023\/09\/cropped-IMG_0309-scaled-1-1200x800.jpg",1200,800,true],"portfolio_item-masonry":["https:\/\/www.albalapodologo.com\/wp-content\/uploads\/2023\/09\/cropped-IMG_0309-scaled-1-600x317.jpg",600,317,true],"portfolio_item-masonry@2x":["https:\/\/www.albalapodologo.com\/wp-content\/uploads\/2023\/09\/cropped-IMG_0309-scaled-1-1200x633.jpg",1200,633,true],"portfolio_item-thumbnail_cinema":["https:\/\/www.albalapodologo.com\/wp-content\/uploads\/2023\/09\/cropped-IMG_0309-scaled-1-800x335.jpg",800,335,true],"portfolio_item-thumbnail_portrait":["https:\/\/www.albalapodologo.com\/wp-content\/uploads\/2023\/09\/cropped-IMG_0309-scaled-1-600x900.jpg",600,900,true],"portfolio_item-thumbnail_portrait@2x":["https:\/\/www.albalapodologo.com\/wp-content\/uploads\/2023\/09\/cropped-IMG_0309-scaled-1-1200x1055.jpg",1200,1055,true],"portfolio_item-thumbnail_square":["https:\/\/www.albalapodologo.com\/wp-content\/uploads\/2023\/09\/cropped-IMG_0309-scaled-1-800x800.jpg",800,800,true]},"_links":{"self":[{"href":"https:\/\/www.albalapodologo.com\/index.php\/wp-json\/wp\/v2\/pages\/8","targetHints":{"allow":["GET"]}}],"collection":[{"href":"https:\/\/www.albalapodologo.com\/index.php\/wp-json\/wp\/v2\/pages"}],"about":[{"href":"https:\/\/www.albalapodologo.com\/index.php\/wp-json\/wp\/v2\/types\/page"}],"author":[{"embeddable":true,"href":"https:\/\/www.albalapodologo.com\/index.php\/wp-json\/wp\/v2\/users\/1"}],"replies":[{"embeddable":true,"href":"https:\/\/www.albalapodologo.com\/index.php\/wp-json\/wp\/v2\/comments?post=8"}],"version-history":[{"count":5,"href":"https:\/\/www.albalapodologo.com\/index.php\/wp-json\/wp\/v2\/pages\/8\/revisions"}],"predecessor-version":[{"id":406,"href":"https:\/\/www.albalapodologo.com\/index.php\/wp-json\/wp\/v2\/pages\/8\/revisions\/406"}],"wp:featuredmedia":[{"embeddable":true,"href":"https:\/\/www.albalapodologo.com\/index.php\/wp-json\/wp\/v2\/media\/23"}],"wp:attachment":[{"href":"https:\/\/www.albalapodologo.com\/index.php\/wp-json\/wp\/v2\/media?parent=8"}],"curies":[{"name":"wp","href":"https:\/\/api.w.org\/{rel}","templated":true}]}}