{"id":9,"date":"2023-09-22T11:04:16","date_gmt":"2023-09-22T11:04:16","guid":{"rendered":"http:\/\/www.albalapodologo.com\/?page_id=9"},"modified":"2023-10-06T00:17:27","modified_gmt":"2023-10-06T00:17:27","slug":"contacto","status":"publish","type":"page","link":"https:\/\/www.albalapodologo.com\/index.php\/contacto\/","title":{"rendered":"Contacto"},"content":{"rendered":"\n<figure class=\"wp-block-image size-large is-resized\"><img fetchpriority=\"high\" decoding=\"async\" src=\"https:\/\/www.albalapodologo.com\/wp-content\/uploads\/2023\/10\/IMG_0309-1024x768.jpg\" alt=\"\" class=\"wp-image-379\" style=\"object-fit:cover;width:1058px;height:350px\" width=\"1058\" height=\"350\"\/><\/figure>\n\n\n\n<h1 class=\"wp-block-heading\">Pida aqu\u00ed su cita<\/h1>\n\n\n\n<div class=\"wp-block-bookly-form\"><!--\nPlugin Name: Bookly - Responsive WordPress Appointment Booking and Scheduling Plugin\nPlugin URI: https:\/\/www.booking-wp-plugin.com\/?utm_source=bookly_admin&utm_medium=plugins_page&utm_campaign=plugins_page\nVersion: 27.2-->\n<style type=\"text\/css\">\n    :root {\n        --bookly-main-color: #28d0d6 !important;\n        --bookly-color: #28d0d6 !important;\n    }\n\n    <\/style><div class=\"bookly-css-root\">\n    <div id=\"bookly-form-container-69d267dbd9bbb\" class=\"bookly-form\" data-form_id=\"\" aria-live=\"polite\">\n        <div style=\"text-align: center\"><img decoding=\"async\" src=\"https:\/\/www.albalapodologo.com\/wp-includes\/js\/tinymce\/skins\/lightgray\/img\/loader.gif\" alt=\"Loading...\"\/><\/div>\n    <\/div>\n<\/div>\n<script type=\"text\/javascript\">\n    (function (win, fn) {\n        var done = false, top = true,\n            doc = win.document,\n            root = doc.documentElement,\n            modern = doc.addEventListener,\n            add = modern ? 'addEventListener' : 'attachEvent',\n            rem = modern ? 'removeEventListener' : 'detachEvent',\n            pre = modern ? '' : 'on',\n            init = function (e) {\n                if (e.type == 'readystatechange') if (doc.readyState != 'complete') return;\n                (e.type == 'load' ? win : doc)[rem](pre + e.type, init, false);\n                if (!done) {\n                    done = true;\n                    fn.call(win, e.type || e);\n                }\n            },\n            poll = function () {\n                try {\n                    root.doScroll('left');\n                } catch (e) {\n                    setTimeout(poll, 50);\n                    return;\n                }\n                init('poll');\n            };\n        if (doc.readyState == 'complete') fn.call(win, 'lazy');\n        else {\n            if (!modern) if (root.doScroll) {\n                try {\n                    top = !win.frameElement;\n                } catch (e) {\n                }\n                if (top) poll();\n            }\n            doc[add](pre + 'DOMContentLoaded', init, false);\n            doc[add](pre + 'readystatechange', init, false);\n            win[add](pre + 'load', init, false);\n        }\n    })(window, function () {\n        window.bookly( {\"form_id\":\"69d267dbd9bbb\",\"form_data\":{\"skip_service_step\":0,\"hide_service_part1\":0,\"hide_service_part2\":1,\"defaults\":{\"service_id\":0,\"staff_id\":0,\"location_id\":0,\"category_id\":0,\"units\":0,\"date_from\":0,\"time_from\":0,\"time_to\":0}},\"status\":{\"booking\":\"new\"},\"form_token\":null,\"skip_steps\":{\"service_part1\":0,\"service_part2\":1,\"extras\":1,\"time\":0,\"repeat\":1,\"cart\":1},\"errors\":{\"session_error\":\"Session error.\",\"form_id_error\":\"Form ID error.\",\"cart_item_not_available\":\"La hora seleccionada ya no est\\u00e1 disponible. Por favor elije otra ranura de hora.\",\"pay_locally_not_available\":\"Pay locally is not available.\",\"invalid_gateway\":\"Invalid gateway.\",\"payment_error\":\"Error.\",\"incorrect_username_password\":\"Incorrect username or password.\"},\"form_attributes\":{\"hide_categories\":true,\"hide_services\":false,\"hide_staff_members\":true,\"show_number_of_persons\":false,\"hide_service_duration\":true,\"hide_locations\":true,\"hide_quantity\":true,\"hide_date\":true,\"hide_week_days\":true,\"hide_time_range\":true},\"use_client_time_zone\":0,\"defaults\":{\"service_id\":0,\"staff_id\":0,\"location_id\":0,\"category_id\":0},\"datepicker_mode\":\"text-accent\"} );\n    });\n<\/script><\/div>\n\n\n\n<p class=\"has-medium-font-size\">S\u00edguenos en nuestras redes<\/p>\n\n\n\n<ul class=\"wp-block-social-links is-layout-flex wp-block-social-links-is-layout-flex\"><li class=\"wp-social-link wp-social-link-facebook  wp-block-social-link\"><a rel=\"https:\/\/www.facebook.com\/DoctorAlbalaPodologo\/\" href=\"https:\/\/www.facebook.com\/DoctorAlbalaPodologo\/\" class=\"wp-block-social-link-anchor\"><svg width=\"24\" height=\"24\" viewBox=\"0 0 24 24\" version=\"1.1\" xmlns=\"http:\/\/www.w3.org\/2000\/svg\" aria-hidden=\"true\" focusable=\"false\"><path d=\"M12 2C6.5 2 2 6.5 2 12c0 5 3.7 9.1 8.4 9.9v-7H7.9V12h2.5V9.8c0-2.5 1.5-3.9 3.8-3.9 1.1 0 2.2.2 2.2.2v2.5h-1.3c-1.2 0-1.6.8-1.6 1.6V12h2.8l-.4 2.9h-2.3v7C18.3 21.1 22 17 22 12c0-5.5-4.5-10-10-10z\"><\/path><\/svg><span class=\"wp-block-social-link-label screen-reader-text\">Facebook<\/span><\/a><\/li>\n\n<li class=\"wp-social-link wp-social-link-instagram  wp-block-social-link\"><a href=\"https:\/\/www.instagram.com\/albalapodologo\/\" class=\"wp-block-social-link-anchor\"><svg width=\"24\" height=\"24\" viewBox=\"0 0 24 24\" version=\"1.1\" xmlns=\"http:\/\/www.w3.org\/2000\/svg\" aria-hidden=\"true\" focusable=\"false\"><path d=\"M12,4.622c2.403,0,2.688,0.009,3.637,0.052c0.877,0.04,1.354,0.187,1.671,0.31c0.42,0.163,0.72,0.358,1.035,0.673 c0.315,0.315,0.51,0.615,0.673,1.035c0.123,0.317,0.27,0.794,0.31,1.671c0.043,0.949,0.052,1.234,0.052,3.637 s-0.009,2.688-0.052,3.637c-0.04,0.877-0.187,1.354-0.31,1.671c-0.163,0.42-0.358,0.72-0.673,1.035 c-0.315,0.315-0.615,0.51-1.035,0.673c-0.317,0.123-0.794,0.27-1.671,0.31c-0.949,0.043-1.233,0.052-3.637,0.052 s-2.688-0.009-3.637-0.052c-0.877-0.04-1.354-0.187-1.671-0.31c-0.42-0.163-0.72-0.358-1.035-0.673 c-0.315-0.315-0.51-0.615-0.673-1.035c-0.123-0.317-0.27-0.794-0.31-1.671C4.631,14.688,4.622,14.403,4.622,12 s0.009-2.688,0.052-3.637c0.04-0.877,0.187-1.354,0.31-1.671c0.163-0.42,0.358-0.72,0.673-1.035 c0.315-0.315,0.615-0.51,1.035-0.673c0.317-0.123,0.794-0.27,1.671-0.31C9.312,4.631,9.597,4.622,12,4.622 M12,3 C9.556,3,9.249,3.01,8.289,3.054C7.331,3.098,6.677,3.25,6.105,3.472C5.513,3.702,5.011,4.01,4.511,4.511 c-0.5,0.5-0.808,1.002-1.038,1.594C3.25,6.677,3.098,7.331,3.054,8.289C3.01,9.249,3,9.556,3,12c0,2.444,0.01,2.751,0.054,3.711 c0.044,0.958,0.196,1.612,0.418,2.185c0.23,0.592,0.538,1.094,1.038,1.594c0.5,0.5,1.002,0.808,1.594,1.038 c0.572,0.222,1.227,0.375,2.185,0.418C9.249,20.99,9.556,21,12,21s2.751-0.01,3.711-0.054c0.958-0.044,1.612-0.196,2.185-0.418 c0.592-0.23,1.094-0.538,1.594-1.038c0.5-0.5,0.808-1.002,1.038-1.594c0.222-0.572,0.375-1.227,0.418-2.185 C20.99,14.751,21,14.444,21,12s-0.01-2.751-0.054-3.711c-0.044-0.958-0.196-1.612-0.418-2.185c-0.23-0.592-0.538-1.094-1.038-1.594 c-0.5-0.5-1.002-0.808-1.594-1.038c-0.572-0.222-1.227-0.375-2.185-0.418C14.751,3.01,14.444,3,12,3L12,3z M12,7.378 c-2.552,0-4.622,2.069-4.622,4.622S9.448,16.622,12,16.622s4.622-2.069,4.622-4.622S14.552,7.378,12,7.378z M12,15 c-1.657,0-3-1.343-3-3s1.343-3,3-3s3,1.343,3,3S13.657,15,12,15z M16.804,6.116c-0.596,0-1.08,0.484-1.08,1.08 s0.484,1.08,1.08,1.08c0.596,0,1.08-0.484,1.08-1.08S17.401,6.116,16.804,6.116z\"><\/path><\/svg><span class=\"wp-block-social-link-label screen-reader-text\">Instagram<\/span><\/a><\/li>\n\n<li class=\"wp-social-link wp-social-link-google  wp-block-social-link\"><a href=\"https:\/\/search.google.com\/local\/writereview?placeid=ChIJ4TYEDTcncw0Rkgx1FtRtCLw&#038;source=g.page.m.dd._&#038;laa=lu-desktop-reviews-dialog-review-solicitation\" class=\"wp-block-social-link-anchor\"><svg width=\"24\" height=\"24\" viewBox=\"0 0 24 24\" version=\"1.1\" xmlns=\"http:\/\/www.w3.org\/2000\/svg\" aria-hidden=\"true\" focusable=\"false\"><path d=\"M12.02,10.18v3.72v0.01h5.51c-0.26,1.57-1.67,4.22-5.5,4.22c-3.31,0-6.01-2.75-6.01-6.12s2.7-6.12,6.01-6.12 c1.87,0,3.13,0.8,3.85,1.48l2.84-2.76C16.99,2.99,14.73,2,12.03,2c-5.52,0-10,4.48-10,10s4.48,10,10,10c5.77,0,9.6-4.06,9.6-9.77 c0-0.83-0.11-1.42-0.25-2.05H12.02z\"><\/path><\/svg><span class=\"wp-block-social-link-label screen-reader-text\">Google<\/span><\/a><\/li>\n\n<li class=\"wp-social-link wp-social-link-whatsapp  wp-block-social-link\"><a href=\"https:\/\/wa.me\/620245361\" class=\"wp-block-social-link-anchor\"><svg width=\"24\" height=\"24\" viewBox=\"0 0 24 24\" version=\"1.1\" xmlns=\"http:\/\/www.w3.org\/2000\/svg\" aria-hidden=\"true\" focusable=\"false\"><path d=\"M 12.011719 2 C 6.5057187 2 2.0234844 6.478375 2.0214844 11.984375 C 2.0204844 13.744375 2.4814687 15.462563 3.3554688 16.976562 L 2 22 L 7.2324219 20.763672 C 8.6914219 21.559672 10.333859 21.977516 12.005859 21.978516 L 12.009766 21.978516 C 17.514766 21.978516 21.995047 17.499141 21.998047 11.994141 C 22.000047 9.3251406 20.962172 6.8157344 19.076172 4.9277344 C 17.190172 3.0407344 14.683719 2.001 12.011719 2 z M 12.009766 4 C 14.145766 4.001 16.153109 4.8337969 17.662109 6.3417969 C 19.171109 7.8517969 20.000047 9.8581875 19.998047 11.992188 C 19.996047 16.396187 16.413812 19.978516 12.007812 19.978516 C 10.674812 19.977516 9.3544062 19.642812 8.1914062 19.007812 L 7.5175781 18.640625 L 6.7734375 18.816406 L 4.8046875 19.28125 L 5.2851562 17.496094 L 5.5019531 16.695312 L 5.0878906 15.976562 C 4.3898906 14.768562 4.0204844 13.387375 4.0214844 11.984375 C 4.0234844 7.582375 7.6067656 4 12.009766 4 z M 8.4765625 7.375 C 8.3095625 7.375 8.0395469 7.4375 7.8105469 7.6875 C 7.5815469 7.9365 6.9355469 8.5395781 6.9355469 9.7675781 C 6.9355469 10.995578 7.8300781 12.182609 7.9550781 12.349609 C 8.0790781 12.515609 9.68175 15.115234 12.21875 16.115234 C 14.32675 16.946234 14.754891 16.782234 15.212891 16.740234 C 15.670891 16.699234 16.690438 16.137687 16.898438 15.554688 C 17.106437 14.971687 17.106922 14.470187 17.044922 14.367188 C 16.982922 14.263188 16.816406 14.201172 16.566406 14.076172 C 16.317406 13.951172 15.090328 13.348625 14.861328 13.265625 C 14.632328 13.182625 14.464828 13.140625 14.298828 13.390625 C 14.132828 13.640625 13.655766 14.201187 13.509766 14.367188 C 13.363766 14.534188 13.21875 14.556641 12.96875 14.431641 C 12.71875 14.305641 11.914938 14.041406 10.960938 13.191406 C 10.218937 12.530406 9.7182656 11.714844 9.5722656 11.464844 C 9.4272656 11.215844 9.5585938 11.079078 9.6835938 10.955078 C 9.7955938 10.843078 9.9316406 10.663578 10.056641 10.517578 C 10.180641 10.371578 10.223641 10.267562 10.306641 10.101562 C 10.389641 9.9355625 10.347156 9.7890625 10.285156 9.6640625 C 10.223156 9.5390625 9.737625 8.3065 9.515625 7.8125 C 9.328625 7.3975 9.131125 7.3878594 8.953125 7.3808594 C 8.808125 7.3748594 8.6425625 7.375 8.4765625 7.375 z\"><\/path><\/svg><span class=\"wp-block-social-link-label screen-reader-text\">WhatsApp<\/span><\/a><\/li>\n\n<li class=\"wp-social-link wp-social-link-youtube  wp-block-social-link\"><a href=\"https:\/\/www.youtube.com\/watch?v=TD_DFxht34c&#038;ab_channel=EstatealLoroMarbella\" class=\"wp-block-social-link-anchor\"><svg width=\"24\" height=\"24\" viewBox=\"0 0 24 24\" version=\"1.1\" xmlns=\"http:\/\/www.w3.org\/2000\/svg\" aria-hidden=\"true\" focusable=\"false\"><path d=\"M21.8,8.001c0,0-0.195-1.378-0.795-1.985c-0.76-0.797-1.613-0.801-2.004-0.847c-2.799-0.202-6.997-0.202-6.997-0.202 h-0.009c0,0-4.198,0-6.997,0.202C4.608,5.216,3.756,5.22,2.995,6.016C2.395,6.623,2.2,8.001,2.2,8.001S2,9.62,2,11.238v1.517 c0,1.618,0.2,3.237,0.2,3.237s0.195,1.378,0.795,1.985c0.761,0.797,1.76,0.771,2.205,0.855c1.6,0.153,6.8,0.201,6.8,0.201 s4.203-0.006,7.001-0.209c0.391-0.047,1.243-0.051,2.004-0.847c0.6-0.607,0.795-1.985,0.795-1.985s0.2-1.618,0.2-3.237v-1.517 C22,9.62,21.8,8.001,21.8,8.001z M9.935,14.594l-0.001-5.62l5.404,2.82L9.935,14.594z\"><\/path><\/svg><span class=\"wp-block-social-link-label screen-reader-text\">YouTube<\/span><\/a><\/li><\/ul>\n","protected":false},"excerpt":{"rendered":"<p>Pida aqu\u00ed su cita S\u00edguenos en nuestras redes<\/p>\n","protected":false},"author":1,"featured_media":0,"parent":0,"menu_order":0,"comment_status":"closed","ping_status":"open","template":"","meta":{"footnotes":""},"class_list":["post-9","page","type-page","status-publish","hentry"],"yoast_head":"<!-- This site is optimized with the Yoast SEO plugin v27.3 - https:\/\/yoast.com\/product\/yoast-seo-wordpress\/ -->\n<title>Contacto - Albal\u00e1 Pod\u00f3logo<\/title>\n<meta name=\"robots\" content=\"index, follow, max-snippet:-1, max-image-preview:large, max-video-preview:-1\" \/>\n<link rel=\"canonical\" href=\"https:\/\/www.albalapodologo.com\/index.php\/contacto\/\" \/>\n<meta property=\"og:locale\" content=\"en_US\" \/>\n<meta property=\"og:type\" content=\"article\" \/>\n<meta property=\"og:title\" content=\"Contacto - Albal\u00e1 Pod\u00f3logo\" \/>\n<meta property=\"og:description\" content=\"Pida aqu\u00ed su cita S\u00edguenos en nuestras redes\" \/>\n<meta property=\"og:url\" content=\"https:\/\/www.albalapodologo.com\/index.php\/contacto\/\" \/>\n<meta property=\"og:site_name\" content=\"Albal\u00e1 Pod\u00f3logo\" \/>\n<meta property=\"article:modified_time\" content=\"2023-10-06T00:17:27+00:00\" \/>\n<meta property=\"og:image\" content=\"https:\/\/www.albalapodologo.com\/wp-content\/uploads\/2023\/10\/IMG_0309-1024x768.jpg\" \/>\n<meta name=\"twitter:card\" content=\"summary_large_image\" \/>\n<meta name=\"twitter:label1\" content=\"Est. reading time\" \/>\n\t<meta name=\"twitter:data1\" content=\"1 minute\" \/>\n<script type=\"application\/ld+json\" class=\"yoast-schema-graph\">{\"@context\":\"https:\\\/\\\/schema.org\",\"@graph\":[{\"@type\":\"WebPage\",\"@id\":\"https:\\\/\\\/www.albalapodologo.com\\\/index.php\\\/contacto\\\/\",\"url\":\"https:\\\/\\\/www.albalapodologo.com\\\/index.php\\\/contacto\\\/\",\"name\":\"Contacto - Albal\u00e1 Pod\u00f3logo\",\"isPartOf\":{\"@id\":\"https:\\\/\\\/www.albalapodologo.com\\\/#website\"},\"primaryImageOfPage\":{\"@id\":\"https:\\\/\\\/www.albalapodologo.com\\\/index.php\\\/contacto\\\/#primaryimage\"},\"image\":{\"@id\":\"https:\\\/\\\/www.albalapodologo.com\\\/index.php\\\/contacto\\\/#primaryimage\"},\"thumbnailUrl\":\"https:\\\/\\\/www.albalapodologo.com\\\/wp-content\\\/uploads\\\/2023\\\/10\\\/IMG_0309-1024x768.jpg\",\"datePublished\":\"2023-09-22T11:04:16+00:00\",\"dateModified\":\"2023-10-06T00:17:27+00:00\",\"breadcrumb\":{\"@id\":\"https:\\\/\\\/www.albalapodologo.com\\\/index.php\\\/contacto\\\/#breadcrumb\"},\"inLanguage\":\"en-US\",\"potentialAction\":[{\"@type\":\"ReadAction\",\"target\":[\"https:\\\/\\\/www.albalapodologo.com\\\/index.php\\\/contacto\\\/\"]}]},{\"@type\":\"ImageObject\",\"inLanguage\":\"en-US\",\"@id\":\"https:\\\/\\\/www.albalapodologo.com\\\/index.php\\\/contacto\\\/#primaryimage\",\"url\":\"https:\\\/\\\/www.albalapodologo.com\\\/wp-content\\\/uploads\\\/2023\\\/10\\\/IMG_0309-1024x768.jpg\",\"contentUrl\":\"https:\\\/\\\/www.albalapodologo.com\\\/wp-content\\\/uploads\\\/2023\\\/10\\\/IMG_0309-1024x768.jpg\"},{\"@type\":\"BreadcrumbList\",\"@id\":\"https:\\\/\\\/www.albalapodologo.com\\\/index.php\\\/contacto\\\/#breadcrumb\",\"itemListElement\":[{\"@type\":\"ListItem\",\"position\":1,\"name\":\"Portada\",\"item\":\"https:\\\/\\\/www.albalapodologo.com\\\/\"},{\"@type\":\"ListItem\",\"position\":2,\"name\":\"Contacto\"}]},{\"@type\":\"WebSite\",\"@id\":\"https:\\\/\\\/www.albalapodologo.com\\\/#website\",\"url\":\"https:\\\/\\\/www.albalapodologo.com\\\/\",\"name\":\"Albal\u00e1 Pod\u00f3logo\",\"description\":\"Conf\u00eda en los profesionales de nuestra cl\u00ednica de podolog\u00eda para recibir atenci\u00f3n especializada centrada en el bienestar de tus pies y la salud musculoesquel\u00e9tica en general. Diagnosticamos y solucionamos cualquier problema relacionado con los pies, como cirug\u00eda por ultrasonidos, estudios biomec\u00e1nicos de la pisada, u\u00f1as encarnadas u otras patolog\u00edas que pueden afectar tu movilidad y calidad de vida. Tambi\u00e9n tomamos medidas preventivas con ex\u00e1menes de postura y funci\u00f3n del pie para evitar lesiones o desalineaciones evitables. Con t\u00e9cnicas y equipos modernos y seguros, los pod\u00f3logos de la cl\u00ednica brindan un servicio personalizado y de calidad para mantener la salud de tus pies. Conf\u00eda en nuestra cl\u00ednica de podolog\u00eda para recibir consejos de cuidado de pies altamente especializados e individualizados y asegurarte de que tus pies est\u00e9n felices, sanos y m\u00f3viles.\",\"publisher\":{\"@id\":\"https:\\\/\\\/www.albalapodologo.com\\\/#organization\"},\"potentialAction\":[{\"@type\":\"SearchAction\",\"target\":{\"@type\":\"EntryPoint\",\"urlTemplate\":\"https:\\\/\\\/www.albalapodologo.com\\\/?s={search_term_string}\"},\"query-input\":{\"@type\":\"PropertyValueSpecification\",\"valueRequired\":true,\"valueName\":\"search_term_string\"}}],\"inLanguage\":\"en-US\"},{\"@type\":\"Organization\",\"@id\":\"https:\\\/\\\/www.albalapodologo.com\\\/#organization\",\"name\":\"Albal\u00e1 Pod\u00f3logo\",\"url\":\"https:\\\/\\\/www.albalapodologo.com\\\/\",\"logo\":{\"@type\":\"ImageObject\",\"inLanguage\":\"en-US\",\"@id\":\"https:\\\/\\\/www.albalapodologo.com\\\/#\\\/schema\\\/logo\\\/image\\\/\",\"url\":\"https:\\\/\\\/www.albalapodologo.com\\\/wp-content\\\/uploads\\\/2023\\\/09\\\/cropped-cropped-Clinica-Dr.-Albala-Logo-transparente.png\",\"contentUrl\":\"https:\\\/\\\/www.albalapodologo.com\\\/wp-content\\\/uploads\\\/2023\\\/09\\\/cropped-cropped-Clinica-Dr.-Albala-Logo-transparente.png\",\"width\":500,\"height\":237,\"caption\":\"Albal\u00e1 Pod\u00f3logo\"},\"image\":{\"@id\":\"https:\\\/\\\/www.albalapodologo.com\\\/#\\\/schema\\\/logo\\\/image\\\/\"}}]}<\/script>\n<!-- \/ Yoast SEO plugin. -->","yoast_head_json":{"title":"Contacto - Albal\u00e1 Pod\u00f3logo","robots":{"index":"index","follow":"follow","max-snippet":"max-snippet:-1","max-image-preview":"max-image-preview:large","max-video-preview":"max-video-preview:-1"},"canonical":"https:\/\/www.albalapodologo.com\/index.php\/contacto\/","og_locale":"en_US","og_type":"article","og_title":"Contacto - Albal\u00e1 Pod\u00f3logo","og_description":"Pida aqu\u00ed su cita S\u00edguenos en nuestras redes","og_url":"https:\/\/www.albalapodologo.com\/index.php\/contacto\/","og_site_name":"Albal\u00e1 Pod\u00f3logo","article_modified_time":"2023-10-06T00:17:27+00:00","og_image":[{"url":"https:\/\/www.albalapodologo.com\/wp-content\/uploads\/2023\/10\/IMG_0309-1024x768.jpg","type":"","width":"","height":""}],"twitter_card":"summary_large_image","twitter_misc":{"Est. reading time":"1 minute"},"schema":{"@context":"https:\/\/schema.org","@graph":[{"@type":"WebPage","@id":"https:\/\/www.albalapodologo.com\/index.php\/contacto\/","url":"https:\/\/www.albalapodologo.com\/index.php\/contacto\/","name":"Contacto - Albal\u00e1 Pod\u00f3logo","isPartOf":{"@id":"https:\/\/www.albalapodologo.com\/#website"},"primaryImageOfPage":{"@id":"https:\/\/www.albalapodologo.com\/index.php\/contacto\/#primaryimage"},"image":{"@id":"https:\/\/www.albalapodologo.com\/index.php\/contacto\/#primaryimage"},"thumbnailUrl":"https:\/\/www.albalapodologo.com\/wp-content\/uploads\/2023\/10\/IMG_0309-1024x768.jpg","datePublished":"2023-09-22T11:04:16+00:00","dateModified":"2023-10-06T00:17:27+00:00","breadcrumb":{"@id":"https:\/\/www.albalapodologo.com\/index.php\/contacto\/#breadcrumb"},"inLanguage":"en-US","potentialAction":[{"@type":"ReadAction","target":["https:\/\/www.albalapodologo.com\/index.php\/contacto\/"]}]},{"@type":"ImageObject","inLanguage":"en-US","@id":"https:\/\/www.albalapodologo.com\/index.php\/contacto\/#primaryimage","url":"https:\/\/www.albalapodologo.com\/wp-content\/uploads\/2023\/10\/IMG_0309-1024x768.jpg","contentUrl":"https:\/\/www.albalapodologo.com\/wp-content\/uploads\/2023\/10\/IMG_0309-1024x768.jpg"},{"@type":"BreadcrumbList","@id":"https:\/\/www.albalapodologo.com\/index.php\/contacto\/#breadcrumb","itemListElement":[{"@type":"ListItem","position":1,"name":"Portada","item":"https:\/\/www.albalapodologo.com\/"},{"@type":"ListItem","position":2,"name":"Contacto"}]},{"@type":"WebSite","@id":"https:\/\/www.albalapodologo.com\/#website","url":"https:\/\/www.albalapodologo.com\/","name":"Albal\u00e1 Pod\u00f3logo","description":"Conf\u00eda en los profesionales de nuestra cl\u00ednica de podolog\u00eda para recibir atenci\u00f3n especializada centrada en el bienestar de tus pies y la salud musculoesquel\u00e9tica en general. Diagnosticamos y solucionamos cualquier problema relacionado con los pies, como cirug\u00eda por ultrasonidos, estudios biomec\u00e1nicos de la pisada, u\u00f1as encarnadas u otras patolog\u00edas que pueden afectar tu movilidad y calidad de vida. Tambi\u00e9n tomamos medidas preventivas con ex\u00e1menes de postura y funci\u00f3n del pie para evitar lesiones o desalineaciones evitables. Con t\u00e9cnicas y equipos modernos y seguros, los pod\u00f3logos de la cl\u00ednica brindan un servicio personalizado y de calidad para mantener la salud de tus pies. Conf\u00eda en nuestra cl\u00ednica de podolog\u00eda para recibir consejos de cuidado de pies altamente especializados e individualizados y asegurarte de que tus pies est\u00e9n felices, sanos y m\u00f3viles.","publisher":{"@id":"https:\/\/www.albalapodologo.com\/#organization"},"potentialAction":[{"@type":"SearchAction","target":{"@type":"EntryPoint","urlTemplate":"https:\/\/www.albalapodologo.com\/?s={search_term_string}"},"query-input":{"@type":"PropertyValueSpecification","valueRequired":true,"valueName":"search_term_string"}}],"inLanguage":"en-US"},{"@type":"Organization","@id":"https:\/\/www.albalapodologo.com\/#organization","name":"Albal\u00e1 Pod\u00f3logo","url":"https:\/\/www.albalapodologo.com\/","logo":{"@type":"ImageObject","inLanguage":"en-US","@id":"https:\/\/www.albalapodologo.com\/#\/schema\/logo\/image\/","url":"https:\/\/www.albalapodologo.com\/wp-content\/uploads\/2023\/09\/cropped-cropped-Clinica-Dr.-Albala-Logo-transparente.png","contentUrl":"https:\/\/www.albalapodologo.com\/wp-content\/uploads\/2023\/09\/cropped-cropped-Clinica-Dr.-Albala-Logo-transparente.png","width":500,"height":237,"caption":"Albal\u00e1 Pod\u00f3logo"},"image":{"@id":"https:\/\/www.albalapodologo.com\/#\/schema\/logo\/image\/"}}]}},"featured_media_urls":[],"_links":{"self":[{"href":"https:\/\/www.albalapodologo.com\/index.php\/wp-json\/wp\/v2\/pages\/9","targetHints":{"allow":["GET"]}}],"collection":[{"href":"https:\/\/www.albalapodologo.com\/index.php\/wp-json\/wp\/v2\/pages"}],"about":[{"href":"https:\/\/www.albalapodologo.com\/index.php\/wp-json\/wp\/v2\/types\/page"}],"author":[{"embeddable":true,"href":"https:\/\/www.albalapodologo.com\/index.php\/wp-json\/wp\/v2\/users\/1"}],"replies":[{"embeddable":true,"href":"https:\/\/www.albalapodologo.com\/index.php\/wp-json\/wp\/v2\/comments?post=9"}],"version-history":[{"count":17,"href":"https:\/\/www.albalapodologo.com\/index.php\/wp-json\/wp\/v2\/pages\/9\/revisions"}],"predecessor-version":[{"id":385,"href":"https:\/\/www.albalapodologo.com\/index.php\/wp-json\/wp\/v2\/pages\/9\/revisions\/385"}],"wp:attachment":[{"href":"https:\/\/www.albalapodologo.com\/index.php\/wp-json\/wp\/v2\/media?parent=9"}],"curies":[{"name":"wp","href":"https:\/\/api.w.org\/{rel}","templated":true}]}}